{"id":100,"date":"2013-03-25T17:07:21","date_gmt":"2013-03-25T16:07:21","guid":{"rendered":"http:\/\/web.xbrlfrance.org\/?p=100"},"modified":"2023-11-15T16:43:17","modified_gmt":"2023-11-15T15:43:17","slug":"les-formations","status":"publish","type":"page","link":"https:\/\/www.xbrlfrance.org\/?page_id=100","title":{"rendered":"Formations XBRL"},"content":{"rendered":"<p><strong>D\u00e9couvrez les formations XBRL France<\/strong><\/p>\n<p>Dans le cadre de ses activit\u00e9s de place, XBRL France organise des sessions de formation ouvertes \u00e0 tous sur le th\u00e8me : comprendre la technologie XBRL et optimiser ses activit\u00e9s de reporting<\/p>\n<p>XBRL France a pour mission de promouvoir l\u2019utilisation XBRL dans l\u2019\u00e9laboration des reportings financiers. L\u2019enjeu majeur est ainsi d\u2019aider les entreprises \u00e0 r\u00e9duire leurs co\u00fbts de fonctionnement tout en leur permettant de fournir une information fiable, fluide et transparente aux superviseurs et parties prenantes.<\/p>\n<p>Pour ce faire, elle organise des formations de diff\u00e9rents niveaux de complexit\u00e9 tout au long de l\u2019ann\u00e9e \u00e0 destination de chaque professionnel du secteur concern\u00e9, fonctionnellement ou technologiquement par le langage XBRL.<\/p>\n<p>Ces formations peuvent \u00eatre dispens\u00e9es \u00e0 Paris, sur site ou en ligne.<\/p>\n<p>Diff\u00e9rents modules de formations ont \u00e9t\u00e9 cr\u00e9\u00e9s.<\/p>\n<p><strong>Description :<\/strong><\/p>\n<hr \/>\n<p><strong>Formation OIM &#8211; xBRL-CSV<\/strong><\/p>\n<p>Dur\u00e9e : 1 journ\u00e9e<\/p>\n<p>Prochaine session : \u00e0 la demande, nous consulter<\/p>\n<p>Objectifs :<\/p>\n<ul>\n<li>Comprendre le principe de l\u2019OIM, mod\u00e8le de XBRL qui s\u2019abstrait de la syntaxe XML du XBRL traditionnel et ma\u00eetriser sa mise en \u0153uvre xBRL-CSV qui va \u00eatre utilis\u00e9e pour les remises des supervision banques et assurances en Europe.<\/li>\n<li>Comprendre la syntaxe JSON utilis\u00e9e pour d\u00e9crire les remises xBRL-CSV<\/li>\n<li>Comprendre les fichiers de configuration xBRL-CSV introduits par l\u2019EBA dans ses taxonomies.<\/li>\n<li>Pouvoir g\u00e9n\u00e9rer ou analyser des remises xBRL-CSV et dialoguer avec le superviseur en cas de probl\u00e8me.<\/li>\n<\/ul>\n<p>&gt; <a href=\"https:\/\/www.xbrlfrance.org\/?page_id=2337\">En savoir plus<\/a><\/p>\n<p><strong>Technologie XBRL conventionnelle<\/strong><\/p>\n<p>Dur\u00e9e : 2 jours<\/p>\n<p>Prochaine session : nous consulter<\/p>\n<p>Objectifs :<\/p>\n<ul>\n<li>Ma\u00eetriser les aspects techniques de XBRL :\n<ul>\n<li>Pouvoir comprendre une taxonomie et sa mat\u00e9rialisation (avec des travaux pratiques).<\/li>\n<li>Comprendre comment g\u00e9n\u00e9rer un rapport XBRL conforme (avec des travaux pratiques).<\/li>\n<li>Appr\u00e9hender les int\u00e9r\u00eats de XML et XBRL.<\/li>\n<li>Analyser les taxonomies utilis\u00e9es pour la supervision.<\/li>\n<li>Pouvoir r\u00e9soudre les probl\u00e8mes avec le superviseur.<\/li>\n<\/ul>\n<\/li>\n<\/ul>\n<p>Ce stage s&#8217;adresse \u00e0 toute personne susceptible d\u2019\u00eatre confront\u00e9 \u00e0 la technologie XBRL : urbanistes, architectes, chefs de projet, d\u00e9veloppeurs&#8230;<\/p>\n<p>&gt; <a href=\"https:\/\/www.xbrlfrance.org\/?page_id=203\">En savoir plus<\/a><\/p>\n<hr \/>\n<p><strong>La technologie Inline XBRL pour ESEF<\/strong><\/p>\n<p>Dur\u00e9e : 6 modules en visioconf\u00e9rence de 1h30 \u00e0 2h30 \/ module<\/p>\n<p>Prochaine session : nous consulter<\/p>\n<p><a href=\"https:\/\/www.xbrlfrance.org\/?page_id=1393\">&gt; En savoir plus<\/a><\/p>\n<hr \/>\n<p><strong>XBRL :\u00a0 \u00c9tats financiers en iXBRL\u00a0 \u00a0 \u00a0 \u00a0 \u00a0 \u00a0 \u00a0 \u00a0 \u00a0 \u00a0 \u00a0 \u00a0 \u00a0 \u00a0 \u00a0 \u00a0 \u00a0 \u00a0 \u00a0 \u00a0 \u00a0 \u00a0 \u00a0<\/strong><\/p>\n<p>Dur\u00e9e : 1 journ\u00e9e<\/p>\n<p>Prochaine session : nous consulter<\/p>\n<p>La mise en \u0153uvre du format unique europ\u00e9en et le balisage des donn\u00e9es en iXBRL n\u00e9cessite la connaissance des r\u00e8gles de l\u2019ESEF (RTS et Guidance) et des subtilit\u00e9s de XBRL lui-m\u00eame.<\/p>\n<p>&gt; <a href=\"https:\/\/www.xbrlfrance.org\/?page_id=1286\">En savoir plus<\/a><\/p>\n<hr \/>\n<p><strong>La technologie Inline XBRL pour ESEF <\/strong><\/p>\n<p>Dur\u00e9e : 6 modules en visioconf\u00e9rence de 1h30 \u00e0 2h30\/module<\/p>\n<p>Prochaine session : nous consulter<\/p>\n<p>&gt; <a href=\"https:\/\/www.xbrlfrance.org\/?page_id=203\">En savoir plus<\/a><\/p>\n<hr \/>\n<p><strong>FORMATIONS A VENIR<\/strong><\/p>\n<p><strong>La supervision Banque Assurance avec XBRL<\/strong><\/p>\n<p>Dur\u00e9e : 1 journ\u00e9e<\/p>\n<p>Prochaine session : nous consulter<\/p>\n<p><strong>Le reporting ESEF avec Inline XBRL pour<br \/>\n<\/strong><\/p>\n<p>Dur\u00e9e : 1 journ\u00e9e<\/p>\n<p>Prochaine session : nous consulter<\/p>\n<hr \/>\n<p><em>Pour toute information compl\u00e9mentaire, pour conna\u00eetre le planning des formations contactez-nous par <a href=\"mailto:corinne.laurie@xbrlfrance.org?subject=Formation%20XBRL\">e-mail<\/a><\/em><\/p>\n","protected":false},"excerpt":{"rendered":"<p>D\u00e9couvrez les formations XBRL France Dans le cadre de ses activit\u00e9s de place, XBRL France organise des sessions de formation ouvertes \u00e0 tous sur le th\u00e8me : comprendre la technologie XBRL et optimiser ses activit\u00e9s de reporting XBRL France a pour mission de promouvoir l\u2019utilisation XBRL dans l\u2019\u00e9laboration des reportings financiers. L\u2019enjeu majeur est ainsi [&hellip;]<\/p>\n","protected":false},"author":1,"featured_media":0,"parent":421,"menu_order":20,"comment_status":"open","ping_status":"open","template":"","meta":{"footnotes":""},"tags":[],"class_list":["post-100","page","type-page","status-publish","hentry"],"_links":{"self":[{"href":"https:\/\/www.xbrlfrance.org\/index.php?rest_route=\/wp\/v2\/pages\/100","targetHints":{"allow":["GET"]}}],"collection":[{"href":"https:\/\/www.xbrlfrance.org\/index.php?rest_route=\/wp\/v2\/pages"}],"about":[{"href":"https:\/\/www.xbrlfrance.org\/index.php?rest_route=\/wp\/v2\/types\/page"}],"author":[{"embeddable":true,"href":"https:\/\/www.xbrlfrance.org\/index.php?rest_route=\/wp\/v2\/users\/1"}],"replies":[{"embeddable":true,"href":"https:\/\/www.xbrlfrance.org\/index.php?rest_route=%2Fwp%2Fv2%2Fcomments&post=100"}],"version-history":[{"count":36,"href":"https:\/\/www.xbrlfrance.org\/index.php?rest_route=\/wp\/v2\/pages\/100\/revisions"}],"predecessor-version":[{"id":2342,"href":"https:\/\/www.xbrlfrance.org\/index.php?rest_route=\/wp\/v2\/pages\/100\/revisions\/2342"}],"up":[{"embeddable":true,"href":"https:\/\/www.xbrlfrance.org\/index.php?rest_route=\/wp\/v2\/pages\/421"}],"wp:attachment":[{"href":"https:\/\/www.xbrlfrance.org\/index.php?rest_route=%2Fwp%2Fv2%2Fmedia&parent=100"}],"wp:term":[{"taxonomy":"post_tag","embeddable":true,"href":"https:\/\/www.xbrlfrance.org\/index.php?rest_route=%2Fwp%2Fv2%2Ftags&post=100"}],"curies":[{"name":"wp","href":"https:\/\/api.w.org\/{rel}","templated":true}]}}