{"id":124,"date":"2013-06-13T12:37:20","date_gmt":"2013-06-13T10:37:20","guid":{"rendered":"http:\/\/web.xbrlfrance.org\/?p=124"},"modified":"2021-04-07T14:43:24","modified_gmt":"2021-04-07T12:43:24","slug":"taxonomie-comptes-annuels","status":"publish","type":"page","link":"https:\/\/www.xbrlfrance.org\/?page_id=124","title":{"rendered":"Taxonomie Comptes Annuels"},"content":{"rendered":"<p align=\"justify\">Le groupe de travail TCA n&#8217;est plus actif mais la taxonomie qu&#8217;il a d\u00e9finie reste disponible.\u00a0 <span id=\"linkdescription\">La version 3.0, dat\u00e9e du 31\/12\/2010,\u00a0de la <strong>Taxonomie Comptes Annuels<\/strong><\/span>, \u00e9tablie selon le Plan Comptable G\u00e9n\u00e9ral, est mise \u00e0 disposition par <strong>XBRL France<\/strong>.<\/p>\n<p align=\"justify\"><a href=\"http:\/\/web.xbrlfrance.org\/wp-content\/uploads\/2013\/06\/2009-04-27_TCA_CNC.pdf\" target=\"_blank\" rel=\"noopener noreferrer\">Ses libell\u00e9s ont \u00e9t\u00e9 d\u00e9clar\u00e9s conformes<\/a> par la Commission des normes comptables priv\u00e9es et par le Coll\u00e8ge du Conseil National de la Comptabilit\u00e9 (CNC) aux principes du r\u00e8glement n\u00b099-03 du Comit\u00e9 de la r\u00e8glementation comptable relatif au plan comptable g\u00e9n\u00e9ral (dans sa version arr\u00eat\u00e9e au 14 d\u00e9cembre 2007) et, en particulier aux documents de synth\u00e8se pr\u00e9vus par ses articles 521-1 \u00e0 523-2 et 532-1 \u00e0 532-4.<\/p>\n<p align=\"justify\">Note : la CNC est devenue l&#8217;ANC (Autorit\u00e9 des Normes Comptables) par l&#8217;ordonnance du 22 janvier 2009.<\/p>\n<p align=\"justify\"><span id=\"linkdescription\">Le groupe de Travail TCA a compl\u00e9t\u00e9 la pr\u00e9c\u00e9dente version de l\u2019ensemble des \u00e9l\u00e9ments de l\u2019Annexe (en mode &#8220;textuel&#8221;, sauf pour le tableau d\u00e9taill\u00e9 des filiales et participations).\u00a0<\/span><span id=\"linkdescription\">La taxonomie Comptes Annuels a \u00e9t\u00e9 utilis\u00e9e par Infogreffe pour le d\u00e9p\u00f4t et la diffusion des comptes sociaux d\u00e9mat\u00e9rialis\u00e9s au format XBRL.<\/span><\/p>\n<p>Le document <a href=\"files\/Taxonomies\/TCA\/TCA-2010-12-31.zip\" target=\"_blank\" rel=\"noopener noreferrer\">TCA-2010-12-31.zip<\/a>, contient l&#8217;ensemble des fichiers de la taxonomie (fichiers sch\u00e9mas XML et bases de liens XML uniquement).<\/p>\n<p>Le document <a href=\"http:\/\/web.xbrlfrance.org\/wp-content\/uploads\/2013\/06\/Synthese_TCA.pdf\" target=\"_blank\" rel=\"noopener noreferrer\">Synth\u00e8se TCA<\/a>\u00a0pr\u00e9cise le contenu et les diff\u00e9rents documents constitutifs de la taxonomie<\/p>\n<p align=\"justify\">\n<table style=\"width: 684px;\" border=\"1\" width=\"684\" cellspacing=\"0\" cellpadding=\"0\">\n<tbody>\n<tr>\n<td style=\"width: 132px;\">Nom<\/td>\n<td style=\"width: 552px;\">TCA 2010-12-31 (Taxonomie Comptes Annuels)<\/td>\n<\/tr>\n<tr>\n<td style=\"width: 132px;\">Objectif et p\u00e9rim\u00e8tre<\/td>\n<td style=\"width: 552px;\">Cette taxonomie fournit les termes comptable utilis\u00e9s dans les \u00e9tats financiers des entreprises fran\u00e7aises \u00e9tablis selon les r\u00e8gles du Plan comptable g\u00e9n\u00e9ral (PCG)\u00a0: R\u00e8glement n\u00b099-03 du 29 avril 1999 du Comit\u00e9 de la r\u00e9glementation comptable modifi\u00e9 par les r\u00e8glements et avis \u00e9mis subs\u00e9quemment et jusqu\u2019\u00e0 l\u2019avis n\u00b02005-09 du 3 novembre 2005.<\/p>\n<p>Elle inclut les \u00e9tats financiers et les principaux tableaux de d\u00e9tail des mouvements des actifs immobilis\u00e9s, des d\u00e9pr\u00e9ciations d\u2019actif et des provisions, le tableau des \u00e9ch\u00e9ances des cr\u00e9ances et des dettes, le tableau des filiales et participations et l&#8217;ensemble des notes annexes.<\/p>\n<p>XBRL France ne garantit pas l\u2019exhaustivit\u00e9 de cette taxonomie. Les entreprises et organisations qui vont l\u2019utiliser peuvent avoir besoin d\u2019extensions \u00e0 cette taxonomie.<\/td>\n<\/tr>\n<tr>\n<td style=\"width: 132px;\">Propri\u00e9taire<\/td>\n<td style=\"width: 552px;\">XBRL France<\/td>\n<\/tr>\n<tr>\n<td style=\"width: 132px;\">Date<\/td>\n<td style=\"width: 552px;\">Version du 31 d\u00e9cembre 2010<\/td>\n<\/tr>\n<tr>\n<td style=\"width: 132px;\">Statut<\/td>\n<td style=\"width: 552px;\">Version 3.0<\/td>\n<\/tr>\n<tr>\n<td style=\"width: 132px;\">Niveau de reconnaissance<\/td>\n<td style=\"width: 552px;\">Extension de la version V2.0, \u00abAcknowledged\u00bb par XBRL International<\/td>\n<\/tr>\n<tr>\n<td style=\"width: 132px;\">Version des sp\u00e9cifications XBRL utilis\u00e9es<\/td>\n<td style=\"width: 552px;\">XBRL 2.1 Specification &#8211; version (2003-12-31, corrig\u00e9e 2088-07-02). Etendue de la sp\u00e9cification des dimensions (corrections du 2009-09-07).<\/td>\n<\/tr>\n<tr>\n<td style=\"width: 132px;\">Relation avec d&#8217;autres taxonomies XBRL<\/td>\n<td style=\"width: 552px;\">Cette famille de taxonomies (DTS ou Discoverable Taxonomy Set) est compl\u00e8te et ne se r\u00e9f\u00e8re \u00e0 aucune autre taxonomie XBRL.<\/td>\n<\/tr>\n<tr>\n<td style=\"width: 132px;\">Contact<\/td>\n<td style=\"width: 552px;\"><a href=\"mailto:eric.jarry@xbrl.fr\">eric@jarrymail.com<\/a><\/td>\n<\/tr>\n<tr>\n<td style=\"width: 132px;\">Commentaires<\/td>\n<td style=\"width: 552px;\">Taxonomie \u00e9labor\u00e9e par le groupe de travail Taxonomie Comptes Annuels, dirig\u00e9 par Bruno Tesni\u00e8re (<a href=\"mailto:bruno.tesniere@fr.pwc.com\">bruno.tesniere@fr.pwc.com<\/a>), anim\u00e9 par Eric Jarry (<a href=\"mailto:eric.jarry@xbrl.fr\">eric@jarrymail.com<\/a><span style=\"line-height: 1.3em;\">).<\/span><\/p>\n<p>Cette taxonomie est \u00e9tablie selon le R\u00e8glement n\u00b099-03 du 29 avril 1999 du Comit\u00e9 de la r\u00e9glementation comptable\u00a0modifi\u00e9 par les r\u00e8glements et avis subs\u00e9quents et appel\u00e9 Plan Comptable G\u00e9n\u00e9ral. Un avis de conformit\u00e9 couvrant la pr\u00e9sentation et les libell\u00e9s a \u00e9t\u00e9 obtenu du CNC.<\/p>\n<p>Le texte du Plan Comptable G\u00e9n\u00e9ral est disponible \u00e0:<a href=\"http:\/\/www.minefe.gouv.fr\/directions_services\/CNCompta\/pcg\/pcg_maj0712.pdf\" target=\"_blank\" rel=\"noopener noreferrer\">http:\/\/www.minefe.gouv.fr\/directions_services\/CNCompta\/pcg\/pcg_maj0712.pdf<\/a>\u00a0<span style=\"color: #ff0000;\">(lien cass\u00e9, en cours de v\u00e9rification)<\/span><\/td>\n<\/tr>\n<tr>\n<td style=\"width: 132px;\">Description<\/td>\n<td style=\"width: 552px;\">Cette taxonomie couvre les tableaux des comptes annuels du Plan Comptable G\u00e9n\u00e9ral, version de novembre 2005, mise \u00e0 jour en mars 2006\u00a0:<\/p>\n<p style=\"margin-left: 36pt;\" align=\"left\">&#8211;\u00a0\u00a0\u00a0\u00a0\u00a0\u00a0\u00a0\u00a0\u00a0 Syst\u00e8me de base\u00a0:<\/p>\n<p style=\"margin-left: 53.85pt;\" align=\"left\">&#8211;\u00a0\u00a0\u00a0\u00a0\u00a0\u00a0\u00a0\u00a0\u00a0 Bilan actif (Article 521-1)<\/p>\n<p style=\"margin-left: 53.85pt;\" align=\"left\">&#8211;\u00a0\u00a0\u00a0\u00a0\u00a0\u00a0\u00a0\u00a0\u00a0 Bilan passif avant r\u00e9partition (Article 521-1)<\/p>\n<p style=\"margin-left: 53.85pt;\" align=\"left\">&#8211;\u00a0\u00a0\u00a0\u00a0\u00a0\u00a0\u00a0\u00a0\u00a0 Bilan en liste avant r\u00e9partition (Article 521-2)<\/p>\n<p style=\"margin-left: 53.85pt;\" align=\"left\">&#8211;\u00a0\u00a0\u00a0\u00a0\u00a0\u00a0\u00a0\u00a0\u00a0 Compte de r\u00e9sultat en tableau (Article 521-3)<\/p>\n<p style=\"margin-left: 53.85pt;\" align=\"left\">&#8211;\u00a0\u00a0\u00a0\u00a0\u00a0\u00a0\u00a0\u00a0\u00a0 Compte de r\u00e9sultat en liste (Article 521-4)<\/p>\n<p style=\"margin-left: 53.85pt;\" align=\"left\">&#8211;\u00a0\u00a0\u00a0\u00a0\u00a0\u00a0\u00a0\u00a0\u00a0 Tableau des immobilisations (Article 532-1)<\/p>\n<p style=\"margin-left: 53.85pt;\" align=\"left\">&#8211;\u00a0\u00a0\u00a0\u00a0\u00a0\u00a0\u00a0\u00a0\u00a0 Tableau des amortissements (Article 532-2-1)<\/p>\n<p style=\"margin-left: 53.85pt;\" align=\"left\">&#8211;\u00a0\u00a0\u00a0\u00a0\u00a0\u00a0\u00a0\u00a0\u00a0 Tableau des d\u00e9pr\u00e9ciations (Article 532-2-2)<\/p>\n<p style=\"margin-left: 53.85pt;\" align=\"left\">&#8211;\u00a0\u00a0\u00a0\u00a0\u00a0\u00a0\u00a0\u00a0\u00a0 Tableau des provisions (Article 532-3)<\/p>\n<p style=\"margin-left: 53.85pt;\" align=\"left\">&#8211;\u00a0\u00a0\u00a0\u00a0\u00a0\u00a0\u00a0\u00a0\u00a0 \u00c9tat des \u00e9ch\u00e9ances, des cr\u00e9ances et des dettes \u00e0 la cl\u00f4ture de l\u2019exercice (Article 532-4)<\/p>\n<p style=\"margin-left: 53.85pt;\" align=\"left\">&#8211;\u00a0\u00a0\u00a0\u00a0\u00a0\u00a0\u00a0\u00a0\u00a0 Tableau des filiales et participations (article 532-5)<\/p>\n<p style=\"margin-left: 53.85pt;\" align=\"left\">&#8211;\u00a0\u00a0\u00a0\u00a0\u00a0\u00a0\u00a0\u00a0\u00a0 Annexe &#8220;narrative&#8221; (articles et sous-articles 531-1 \u00e0 531-3)<\/p>\n<p style=\"margin-left: 18pt;\">&#8211;\u00a0\u00a0\u00a0\u00a0 Syst\u00e8me abr\u00e9g\u00e9\u00a0:<\/p>\n<p style=\"margin-left: 53.85pt;\">&#8211;\u00a0\u00a0\u00a0\u00a0\u00a0\u00a0\u00a0\u00a0\u00a0 Bilan avant r\u00e9partition (Article 522-1).<\/p>\n<p style=\"margin-left: 53.85pt;\">&#8211;\u00a0\u00a0\u00a0\u00a0\u00a0\u00a0\u00a0\u00a0\u00a0 Bilan apr\u00e8s r\u00e9partition (Article 522-1).<\/p>\n<p style=\"margin-left: 53.85pt;\">&#8211;\u00a0\u00a0\u00a0\u00a0\u00a0\u00a0\u00a0\u00a0\u00a0 Compte de r\u00e9sultat en tableau (Article 522-2).<\/p>\n<p style=\"margin-left: 53.85pt;\">&#8211;\u00a0\u00a0\u00a0\u00a0\u00a0\u00a0\u00a0\u00a0\u00a0 Compte de r\u00e9sultat en liste (Article 522-3).<\/p>\n<p style=\"margin-left: 53.85pt;\" align=\"left\">&#8211;\u00a0\u00a0\u00a0\u00a0\u00a0\u00a0\u00a0\u00a0\u00a0 Tableau des immobilisations (Article 532-1)<\/p>\n<p style=\"margin-left: 53.85pt;\" align=\"left\">&#8211;\u00a0\u00a0\u00a0\u00a0\u00a0\u00a0\u00a0\u00a0\u00a0 Tableau des amortissements (Article 532-2-1)<\/p>\n<p style=\"margin-left: 53.85pt;\" align=\"left\">&#8211;\u00a0\u00a0\u00a0\u00a0\u00a0\u00a0\u00a0\u00a0\u00a0 Tableau des d\u00e9pr\u00e9ciations (Article 532-2-2)<\/p>\n<p style=\"margin-left: 53.85pt;\" align=\"left\">&#8211;\u00a0\u00a0\u00a0\u00a0\u00a0\u00a0\u00a0\u00a0\u00a0 Tableau des provisions (Article 532-3)<\/p>\n<p style=\"margin-left: 53.85pt;\" align=\"left\">&#8211;\u00a0\u00a0\u00a0\u00a0\u00a0\u00a0\u00a0\u00a0\u00a0 \u00c9tat des \u00e9ch\u00e9ances, des cr\u00e9ances et des dettes \u00e0 la cl\u00f4ture de l\u2019exercice (Article 532-4)<\/p>\n<p style=\"margin-left: 53.85pt;\" align=\"left\">&#8211;\u00a0\u00a0\u00a0\u00a0\u00a0\u00a0\u00a0\u00a0\u00a0 Tableau des filiales et participations (article 532-5)<\/p>\n<p style=\"margin-left: 53.85pt;\" align=\"left\">&#8211;\u00a0\u00a0\u00a0\u00a0\u00a0\u00a0\u00a0\u00a0\u00a0 Annexe &#8220;narrative&#8221; (articles et sous-articles 531-1 \u00e0 531-3)<\/p>\n<p style=\"margin-left: 18pt;\">&#8211;\u00a0\u00a0\u00a0\u00a0 Syst\u00e8me d\u00e9velopp\u00e9\u00a0:<\/p>\n<p style=\"margin-left: 53.85pt;\">&#8211;\u00a0\u00a0\u00a0\u00a0\u00a0\u00a0\u00a0\u00a0\u00a0 Bilan actif (Article 523-1).<\/p>\n<p style=\"margin-left: 53.85pt;\">&#8211;\u00a0\u00a0\u00a0\u00a0\u00a0\u00a0\u00a0\u00a0\u00a0 Bilan passif avant r\u00e9partition (Article 523-1).<\/p>\n<p style=\"margin-left: 53.85pt;\">&#8211;\u00a0\u00a0\u00a0\u00a0\u00a0\u00a0\u00a0\u00a0\u00a0 Compte de r\u00e9sultat (Article 523-2).<\/p>\n<p style=\"margin-left: 53.85pt;\" align=\"left\">&#8211;\u00a0\u00a0\u00a0\u00a0\u00a0\u00a0\u00a0\u00a0\u00a0 Tableau des immobilisations (Article 532-1)<\/p>\n<p style=\"margin-left: 53.85pt;\" align=\"left\">&#8211;\u00a0\u00a0\u00a0\u00a0\u00a0\u00a0\u00a0\u00a0\u00a0 Tableau des amortissements (Article 532-2-1)<\/p>\n<p style=\"margin-left: 53.85pt;\" align=\"left\">&#8211;\u00a0\u00a0\u00a0\u00a0\u00a0\u00a0\u00a0\u00a0\u00a0 Tableau des d\u00e9pr\u00e9ciations (Article 532-2-2)<\/p>\n<p style=\"margin-left: 53.85pt;\" align=\"left\">&#8211;\u00a0\u00a0\u00a0\u00a0\u00a0\u00a0\u00a0\u00a0\u00a0 Tableau des provisions (Article 532-3)<\/p>\n<p style=\"margin-left: 53.85pt;\" align=\"left\">&#8211;\u00a0\u00a0\u00a0\u00a0\u00a0\u00a0\u00a0\u00a0\u00a0 \u00c9tat des \u00e9ch\u00e9ances, des cr\u00e9ances et des dettes \u00e0 la cl\u00f4ture de l\u2019exercice (Article 532-4)<\/p>\n<p style=\"margin-left: 53.85pt;\">&#8211;\u00a0\u00a0\u00a0\u00a0\u00a0\u00a0\u00a0\u00a0\u00a0 Tableau des soldes interm\u00e9diaires de gestion (Article 532-7).<\/p>\n<p style=\"margin-left: 53.85pt;\">&#8211;\u00a0\u00a0\u00a0\u00a0\u00a0\u00a0\u00a0\u00a0\u00a0 D\u00e9termination de la capacit\u00e9 d&#8217;autofinancement (Article 532-8).<\/p>\n<p style=\"margin-left: 53.85pt;\" align=\"left\">&#8211;\u00a0\u00a0\u00a0\u00a0\u00a0\u00a0\u00a0\u00a0\u00a0 Tableau des filiales et participations (article 532-5)<\/p>\n<p style=\"margin-left: 53.85pt;\" align=\"left\">&#8211;\u00a0\u00a0\u00a0\u00a0\u00a0\u00a0\u00a0\u00a0\u00a0 Annexe &#8220;narrative&#8221; (articles et sous-articles 531-1 \u00e0 531-3)<\/p>\n<\/td>\n<\/tr>\n<tr>\n<td style=\"width: 132px;\">Espace de nommage<\/td>\n<td style=\"width: 552px;\">http:\/\/www.xbrl.fr\/fr\/fr\/ca\/2010-12-31<\/td>\n<\/tr>\n<tr>\n<td style=\"width: 132px;\">Pr\u00e9fixes recommand\u00e9s<\/td>\n<td style=\"width: 552px;\">ca<\/td>\n<\/tr>\n<tr>\n<td style=\"width: 132px; height: 462px;\">Localisation de la taxonomie<\/td>\n<td style=\"width: 552px; height: 462px;\">\n<h4>Points d\u2019entr\u00e9e<\/h4>\n<p>Liste des points d\u2019entr\u00e9e d\u00e9finis. Chaque point d\u2019entr\u00e9e contient les \u00e9l\u00e9ments et libell\u00e9s et les bases des liens de pr\u00e9sentation et de calcul.<\/p>\n<h4>Les rapports XBRL cr\u00e9\u00e9s par les utilisateurs s\u00e9lectionne le point d\u2019entr\u00e9e correspondent au contenu du rapport.<\/h4>\n<table style=\"width: 425px;\" border=\"1\" width=\"425\" cellspacing=\"0\" cellpadding=\"0\">\n<tbody>\n<tr>\n<td style=\"width: 150px; height: 12px;\"><strong>Description<\/strong><\/td>\n<td style=\"width: 275px; height: 12px;\">\n<p style=\"margin-left: -1.7pt;\"><strong>Point d\u2019entr\u00e9e<\/strong><\/p>\n<\/td>\n<\/tr>\n<tr>\n<td style=\"width: 150px; height: 12px;\"><em>Syst\u00e8me de base<\/em><\/td>\n<td style=\"width: 275px; height: 12px;\"><a href=\"http:\/\/www2.xbrl.org\/fr\/Taxonomie%20Comptes%20Annuels\/2010-12-31\/tca-b-2010-12-31.xsd\">2010-12-31\/tca-b-2010-12-31.xsd<\/a><\/td>\n<\/tr>\n<tr>\n<td style=\"width: 150px; height: 17px;\"><em>Syst\u00e8me abr\u00e9g\u00e9<\/em><\/td>\n<td style=\"width: 275px; height: 17px;\"><a href=\"http:\/\/www2.xbrl.org\/fr\/Taxonomie%20Comptes%20Annuels\/2010-12-31\/tca-a-2010-12-31.xsd\" target=\"_blank\" rel=\"noopener noreferrer\">2010-12-31\/tca-a-2010-12-31.xsd<\/a><\/td>\n<\/tr>\n<tr>\n<td style=\"width: 150px; height: 19px;\"><em>Syst\u00e8me d\u00e9velopp\u00e9<\/em><\/td>\n<td style=\"width: 275px; height: 19px;\"><a href=\"http:\/\/www2.xbrl.org\/fr\/Taxonomie%20Comptes%20Annuels\/2010-12-31\/tca-d-2010-12-31.xsd\">2010-12-31\/tca-d-2010-12-31.xsd<\/a><\/td>\n<\/tr>\n<\/tbody>\n<\/table>\n<\/td>\n<\/tr>\n<\/tbody>\n<\/table>\n","protected":false},"excerpt":{"rendered":"<p>Le groupe de travail TCA n&#8217;est plus actif mais la taxonomie qu&#8217;il a d\u00e9finie reste disponible.\u00a0 La version 3.0, dat\u00e9e du 31\/12\/2010,\u00a0de la Taxonomie Comptes Annuels, \u00e9tablie selon le Plan Comptable G\u00e9n\u00e9ral, est mise \u00e0 disposition par XBRL France. Ses libell\u00e9s ont \u00e9t\u00e9 d\u00e9clar\u00e9s conformes par la Commission des normes comptables priv\u00e9es et par le [&hellip;]<\/p>\n","protected":false},"author":1,"featured_media":0,"parent":27,"menu_order":8,"comment_status":"open","ping_status":"open","template":"","meta":{"footnotes":""},"tags":[],"class_list":["post-124","page","type-page","status-publish","hentry"],"_links":{"self":[{"href":"https:\/\/www.xbrlfrance.org\/index.php?rest_route=\/wp\/v2\/pages\/124","targetHints":{"allow":["GET"]}}],"collection":[{"href":"https:\/\/www.xbrlfrance.org\/index.php?rest_route=\/wp\/v2\/pages"}],"about":[{"href":"https:\/\/www.xbrlfrance.org\/index.php?rest_route=\/wp\/v2\/types\/page"}],"author":[{"embeddable":true,"href":"https:\/\/www.xbrlfrance.org\/index.php?rest_route=\/wp\/v2\/users\/1"}],"replies":[{"embeddable":true,"href":"https:\/\/www.xbrlfrance.org\/index.php?rest_route=%2Fwp%2Fv2%2Fcomments&post=124"}],"version-history":[{"count":5,"href":"https:\/\/www.xbrlfrance.org\/index.php?rest_route=\/wp\/v2\/pages\/124\/revisions"}],"predecessor-version":[{"id":1460,"href":"https:\/\/www.xbrlfrance.org\/index.php?rest_route=\/wp\/v2\/pages\/124\/revisions\/1460"}],"up":[{"embeddable":true,"href":"https:\/\/www.xbrlfrance.org\/index.php?rest_route=\/wp\/v2\/pages\/27"}],"wp:attachment":[{"href":"https:\/\/www.xbrlfrance.org\/index.php?rest_route=%2Fwp%2Fv2%2Fmedia&parent=124"}],"wp:term":[{"taxonomy":"post_tag","embeddable":true,"href":"https:\/\/www.xbrlfrance.org\/index.php?rest_route=%2Fwp%2Fv2%2Ftags&post=124"}],"curies":[{"name":"wp","href":"https:\/\/api.w.org\/{rel}","templated":true}]}}