{"id":1286,"date":"2020-11-12T14:43:52","date_gmt":"2020-11-12T13:43:52","guid":{"rendered":"https:\/\/www.xbrlfrance.org\/?page_id=1286"},"modified":"2023-11-08T18:26:42","modified_gmt":"2023-11-08T17:26:42","slug":"etats-financiers-en-ixbrl","status":"publish","type":"page","link":"https:\/\/www.xbrlfrance.org\/?page_id=1286","title":{"rendered":"\u00c9tats financiers en iXBRL"},"content":{"rendered":"\n<p><strong>L\u2019essentiel<\/strong><\/p>\n<p><strong>PR\u00c9SENTATION G\u00c9N\u00c9RALE<\/strong><\/p>\n<p>La mise en \u0153uvre du format unique europ\u00e9en et le balisage des donn\u00e9es en iXBRL n\u00e9cessite la connaissance des r\u00e8gles de l\u2019ESEF (RTS et Guidance) et des subtilit\u00e9s de XBRL lui-m\u00eame.<\/p>\n<p><strong>OBJECTIFS P\u00c9DAGOGIQUES<\/strong><\/p>\n<ul>\n<li>Ce que vous devez savoir sur les subtilit\u00e9s d\u2019XBRL.<\/li>\n<li>Cas pratique de navigation dans la taxonomie ESEF.<\/li>\n<li>Comprendre les r\u00e8gles de mapping, de tagging, d\u2019extension et d\u2019ancrage sur la base de cas concrets.<\/li>\n<li>Se pr\u00e9parer aux principales \u00e9tapes de mise en \u0153uvre et anticiper les strat\u00e9gies possibles.<strong><br \/><\/strong><\/li>\n<\/ul>\n<p><strong><strong style=\"font-size: inherit;\">COMP\u00c9TENCES ACQUISES<\/strong><br \/><\/strong><\/p>\n<p>Les participants se familiarisent avec les nouvelles obligations et anticipent la pr\u00e9paration de leur URD (Universal Registration Document), anciennement Document de r\u00e9f\u00e9rence, \u00e0 publier \u00e0 partir des cl\u00f4tures au 31 d\u00e9cembre 2020. Cette technologie r\u00e9pond aux besoins de digitalisation des donn\u00e9es financi\u00e8res.<\/p>\n<p><strong>PROGRAMME<\/strong><\/p>\n<p><strong>Ce que vous devez savoir des subtilit\u00e9s d\u2019iXBRL appliqu\u00e9es \u00e0 l\u2019ESEF<\/strong><\/p>\n<ul>\n<li><em>XHTML et le nouveau format iXBRL<\/em><\/li>\n<li><em>Lire la taxonomie ESEF<\/em><\/li>\n<li><em>Les composants d\u2019une taxonomie et les attributs des \u00e9l\u00e9ments<\/em><\/li>\n<li><em>La s\u00e9lection des \u00e9l\u00e9ments<\/em><\/li>\n<li><em>Les extensions et ancrages<\/em><\/li>\n<li><em>La validation des calculs<\/em><\/li>\n<li><em>Les validations de conformit\u00e9<\/em><\/li>\n<li><em>Les validations<\/em><\/li>\n<li><em>Comment se pr\u00e9parer\u00a0: outils et strat\u00e9gies<\/em><\/li>\n<\/ul>\n<p>\u00a0<strong>Ordinateur indispensable<\/strong><\/p>\n<p>Formation anim\u00e9e par :<br \/><strong><a href=\"https:\/\/web.xbrlfrance.org\/?page_id=942\">Pierre HAMON<\/a><br \/><\/strong>Expert\u00a0xbrl<\/p>\n<p><strong>Lieu :<\/strong> EN LIGNE<\/p>\n<p><strong>Dur\u00e9e :<\/strong> 1 journ\u00e9e<\/p>\n<p><strong>Dates : <\/strong><a href=\"info@xbrlfrance.org\">nous consulter<\/a>, formation en ligne<br \/><br \/><\/p>\n<p><strong>Tarifs :<\/strong><br \/><strong>Membres XBRL<\/strong>: 1 000\u20ac HT<br \/><strong>Non-Membres<\/strong> : 1 200\u20ac HT<\/p>\n<p><strong>Pr\u00e9requis<br \/><\/strong>Des notions et une pratique professionnelle de la pr\u00e9paration des \u00e9tats financiers consolid\u00e9s en IFRS<\/p>\n<p><strong>Pour qui ?<br \/><\/strong>Consolideurs<br \/>Charg\u00e9s de la communication financi\u00e8re<br \/>Responsables des normes et m\u00e9thodes<br \/>Responsable des syst\u00e8mes informatiques du d\u00e9partement reporting externe<br \/>Directeurs financiers<\/p>\n<p><strong>Les points forts\u00a0<\/strong><strong><br \/><\/strong>L\u2019intervenant est consultant expert en reporting financier.<br \/>Son exp\u00e9rience pratique est fond\u00e9e sur des travaux de cr\u00e9ation de taxonomies et de reporting xbrl (en US GAAP et en IFRS pour la SEC).<br \/>La formation permet aux participants d\u2019\u00e9changer entre pairs sur leurs probl\u00e9matiques communes.<\/p>\n\n\n\n<p>Pour toute information compl\u00e9mentaire, pour conna\u00eetre le planning des formations contactez-nous par\u00a0<a href=\"mailto:corinne.laurie@xbrlfrance.org?subject=Formation%20XBRL\">e-mail<\/a><\/p>\n","protected":false},"excerpt":{"rendered":"<p>L\u2019essentiel PR\u00c9SENTATION G\u00c9N\u00c9RALE La mise en \u0153uvre du format unique europ\u00e9en et le balisage des donn\u00e9es en iXBRL n\u00e9cessite la connaissance des r\u00e8gles de l\u2019ESEF (RTS et Guidance) et des subtilit\u00e9s de XBRL lui-m\u00eame. OBJECTIFS P\u00c9DAGOGIQUES Ce que vous devez savoir sur les subtilit\u00e9s d\u2019XBRL. Cas pratique de navigation dans la taxonomie ESEF. Comprendre les [&hellip;]<\/p>\n","protected":false},"author":1,"featured_media":0,"parent":100,"menu_order":0,"comment_status":"closed","ping_status":"closed","template":"","meta":{"footnotes":""},"tags":[],"class_list":["post-1286","page","type-page","status-publish","hentry"],"_links":{"self":[{"href":"https:\/\/www.xbrlfrance.org\/index.php?rest_route=\/wp\/v2\/pages\/1286","targetHints":{"allow":["GET"]}}],"collection":[{"href":"https:\/\/www.xbrlfrance.org\/index.php?rest_route=\/wp\/v2\/pages"}],"about":[{"href":"https:\/\/www.xbrlfrance.org\/index.php?rest_route=\/wp\/v2\/types\/page"}],"author":[{"embeddable":true,"href":"https:\/\/www.xbrlfrance.org\/index.php?rest_route=\/wp\/v2\/users\/1"}],"replies":[{"embeddable":true,"href":"https:\/\/www.xbrlfrance.org\/index.php?rest_route=%2Fwp%2Fv2%2Fcomments&post=1286"}],"version-history":[{"count":8,"href":"https:\/\/www.xbrlfrance.org\/index.php?rest_route=\/wp\/v2\/pages\/1286\/revisions"}],"predecessor-version":[{"id":2304,"href":"https:\/\/www.xbrlfrance.org\/index.php?rest_route=\/wp\/v2\/pages\/1286\/revisions\/2304"}],"up":[{"embeddable":true,"href":"https:\/\/www.xbrlfrance.org\/index.php?rest_route=\/wp\/v2\/pages\/100"}],"wp:attachment":[{"href":"https:\/\/www.xbrlfrance.org\/index.php?rest_route=%2Fwp%2Fv2%2Fmedia&parent=1286"}],"wp:term":[{"taxonomy":"post_tag","embeddable":true,"href":"https:\/\/www.xbrlfrance.org\/index.php?rest_route=%2Fwp%2Fv2%2Ftags&post=1286"}],"curies":[{"name":"wp","href":"https:\/\/api.w.org\/{rel}","templated":true}]}}