{"id":1402,"date":"2021-03-29T12:31:27","date_gmt":"2021-03-29T10:31:27","guid":{"rendered":"https:\/\/www.xbrlfrance.org\/?page_id=1402"},"modified":"2021-06-03T19:29:58","modified_gmt":"2021-06-03T17:29:58","slug":"xbrl-pour-ifd-ifr","status":"publish","type":"page","link":"https:\/\/www.xbrlfrance.org\/?page_id=1402","title":{"rendered":"XBRL pour IFD\/IFR"},"content":{"rendered":"\n<p>Le r\u00e9gime prudentiel des entreprises d&#8217;investissement \u00e9volue dans l&#8217;Union Europ\u00e9enne. La r\u00e9glementation IFD\/IFR (<em>Investments Firm Directive and Regulation<\/em>) adopt\u00e9e le 19 mars 2019 entrera en application le 26 juin 2021. Elle introduit des exigences nouvelles en mati\u00e8re de fonds propres et de liquidit\u00e9, avec un facteur de proportionnalit\u00e9 en fonction de la cat\u00e9gorie de l&#8217;entreprise d&#8217;investissement, tant sur les r\u00e8gles de calcul que sur le volume de reporting r\u00e9glementaire. <span style=\"color: #3366ff;\">En savoir plus : <a style=\"color: #3366ff;\" href=\"https:\/\/eur-lex.europa.eu\/legal-content\/FR\/TXT\/HTML\/?uri=CELEX:32019L2034\" target=\"_blank\" rel=\"noopener\">IFD<\/a> (EU 2019\/2034), <a style=\"color: #3366ff;\" href=\"https:\/\/eur-lex.europa.eu\/legal-content\/FR\/TXT\/HTML\/?uri=CELEX:32019R2033\" target=\"_blank\" rel=\"noopener\">IFR<\/a> (EU 2019\/2033)\u00a0<\/span><\/p>\n<p>Les \u00e9tats de reporting sont pr\u00e9par\u00e9s par l&#8217;Autorit\u00e9 Bancaire Europ\u00e9enne qui retient, comme pour le reporting CRD\/CRR des \u00e9tablissements de cr\u00e9dit, la technologie XBRL. Les \u00e9tats &#8220;IF&#8221; applicables sur l&#8217;arr\u00eat\u00e9 du 30 septembre 2021 font partie du mod\u00e8le EBA 3.1. <span style=\"color: #3366ff;\">En savoir plus : <a href=\"https:\/\/www.eba.europa.eu\/risk-analysis-and-data\/reporting-frameworks\/reporting-framework-3.1\" target=\"_blank\" rel=\"noopener\">EBA 3.1<\/a><\/span><\/p>\n<p><strong>L&#8217;association XBRL France a pr\u00e9par\u00e9 cette page pour les entreprises d&#8217;investissement fran\u00e7aises afin d&#8217;y rassembler les \u00e9l\u00e9ments p\u00e9dagogiques et informations utiles afin d&#8217;acqu\u00e9rir les principes de bases pour lire ou produire des fichiers XBRL dans le cadre IFD\/IFR.<\/strong><\/p>\n<table style=\"border-collapse: collapse; width: 100%;\">\n<tbody>\n<tr>\n<td style=\"width: 100%; background-color: #2c4285;\"><span style=\"color: #ffffff;\"><strong>COMPRENDRE XBRL et IFD\/IFR<\/strong><\/span><\/td>\n<\/tr>\n<\/tbody>\n<\/table>\n<p><strong>Qu&#8217;est-ce que IFD\/IFR et quelles obligations de reporting ?<\/strong> En avril, XBRL France a particip\u00e9 au webinaire IFD\/IFR de l&#8217;EIFR, dont le replay est disponible en ligne. <a href=\"https:\/\/www.eifr.eu\/article\/5832\" target=\"_blank\" rel=\"noopener\">Visionnez-le<\/a>.\u00a0<\/p>\n<p><strong>IFD-IFR : quelles solutions pratiques de calcul et reporting XBRL \u00e0 l\u2019ACPR ? <\/strong>Le 3 juin, XBRL France et l&#8217;EIFR ont propos\u00e9 un webinaire dans lequel leurs membres r\u00e9pondent aux questions et enjeux IFD\/IFR et XBRL autour de th\u00e9matiques pratiques : calculs prudentiels, origine et qualit\u00e9 des donn\u00e9es, contr\u00f4les. <a href=\"https:\/\/www.xbrlfrance.org\/?p=1635\">Visionnez-le<\/a>.<\/p>\n<p>XBRL France propose \u00e9galement des formations pour appr\u00e9hender les principes et fonctions XBRL: rapport, taxonomie, dimensions, formulae&#8230;\u00a0 <span style=\"color: #3366ff;\"><a href=\"https:\/\/www.xbrlfrance.org\/?page_id=100\">Inscrivez-vous<\/a>.<\/span><\/p>\n<table style=\"border-collapse: collapse; width: 100%;\">\n<tbody>\n<tr>\n<td style=\"width: 100%; background-color: #2c4285;\"><span style=\"color: #ffffff;\"><strong>PRODUIRE XBRL pour IFRD\/IFR<\/strong><\/span><\/td>\n<\/tr>\n<\/tbody>\n<\/table>\n<p>Les membres XBRL France et XBRL Europe proposent des solutions IFR\/IFD avec publication du reporting en XBRL.<br \/>Ils ont \u00e9t\u00e9 invit\u00e9s \u00e0 compl\u00e9ter le tableau ci-dessous qui est r\u00e9guli\u00e8rement mis \u00e0 jour. <span style=\"color: #3366ff;\">Derni\u00e8re mise \u00e0 jour 07\/04\/2021.<\/span><\/p>\n<table style=\"height: 731px; width: 100%; border-collapse: collapse; border-color: #242c57; border-style: solid;\" border=\"1\">\n<tbody>\n<tr style=\"height: 22px;\">\n<td style=\"width: 24.5237%; height: 22px;\"><strong>Membre\u00a0<\/strong><\/td>\n<td style=\"width: 24.5238%; height: 22px;\"><strong>Produit \/ Service<\/strong><\/td>\n<td style=\"width: 50.9524%; height: 22px;\"><strong>Fonctionnalit\u00e9s<\/strong><\/td>\n<\/tr>\n<tr style=\"height: 43px;\">\n<td style=\"width: 24.5237%; height: 43px;\">\n<p><span style=\"color: #3366ff;\"><strong>AxiomSL<\/strong><\/span><br \/>XBRL Europe<br \/><a href=\"http:\/\/www.axiomsl.com\" target=\"_blank\" rel=\"noopener\">www.axiomsl.com<\/a><\/p>\n<p>Contact:<br \/>Jean-Philipoe Bartoli<br \/><a href=\"mailto:jbartoli@axiomsl.com\">jbartoli@axiomsl.com<\/a><br \/>06 15 49 54 92<\/p>\n<\/td>\n<td style=\"width: 24.5238%; height: 43px;\"><strong> Reporting r\u00e9glementaire et Data management<\/strong><\/td>\n<td style=\"width: 50.9524%; height: 43px;\">\n<p>Fournisseur sp\u00e9cialis\u00e9 dans les Risques et le reporting r\u00e8glementaire ainsi que la gestion de donn\u00e9es depuis pr\u00e8s de 30 ans, AxiomSL propose diverses solutions de reporting aux Banques et Soci\u00e9t\u00e9s d\u2019Investissement \u00e0 travers le monde, et notamment en France (SURFI\/RUBA, AnaCredit, LGB-FT, CRT, FINREP, COREP, etc.).<br \/>Afin de r\u00e9pondre au besoin imm\u00e9diat des Entreprises d\u2019Investissement concernant la nouvelle r\u00e9glementation IFR, AxiomSL propose depuis janvier 2021 une solution IFR couvrant la partie calculatoire (notamment les K-facteurs) qui sera compl\u00e9t\u00e9e par l\u2019ensemble des rapports, les validations, la signature \u00e9lectronique et la soumission au format XBRL d\u00e8s que l\u2019EBA aura publi\u00e9 la version finale.<\/p>\n<\/td>\n<\/tr>\n<tr style=\"height: 64px;\">\n<td style=\"width: 24.5237%; height: 64px;\">\n<p><strong><span style=\"color: #3366ff;\">BM&amp;A<\/span><br \/><\/strong>XBRL France<strong><br \/><a href=\"http:\/\/www..bma-groupe.com\" target=\"_blank\" rel=\"noopener\" data-wplink-url-error=\"true\">www..bma-groupe.com<\/a><\/strong><\/p>\n<p>Contacts:<br \/>Marianne Coenen<br \/>Thomas Verdin<br \/><a href=\"mailto:banque@bma-groupe.com\">banque@bma-groupe.com<\/a><\/p>\n<p>\u00a0<\/p>\n<\/td>\n<td style=\"width: 24.5238%; height: 64px;\"><strong>Conseil et assistance op\u00e9rationnelle<\/strong><\/td>\n<td style=\"width: 50.9524%; height: 64px;\">\n<p>Cabinet d&#8217;audit, d&#8217;expertise et de conseil fond\u00e9 il y a plus de 40 ans, BM&amp;A est pr\u00e9sent \u00e0 Paris, Lyon, Toulouse, Londres et Casablanca.\u00a0<br \/>L&#8217;\u00e9quipe Banque Assurance apporte une connaissance des normes comptables et exigences prudentielles pour les institutions financi\u00e8res. Nous accompagnons les entreprises d&#8217;investissement (classes 1, 2 et 3) dans la<strong> compr\u00e9hension<\/strong> et la<strong> mise en oeuvre<\/strong> des calculs et reporting du nouveau r\u00e9gime prudentiel IFD\/IFR : \u00e9tude d&#8217;impacts, processus de collecte de donn\u00e9es et de d\u00e9claration, production extenalis\u00e9e du reporting, r\u00e9vision et contr\u00f4le.<\/p>\n<\/td>\n<\/tr>\n<tr style=\"height: 43px;\">\n<td style=\"width: 24.5237%; height: 43px;\">\n<p><span style=\"color: #3366ff;\"><strong>Invoke<br \/><\/strong><\/span>XBRL France<br \/>XBRL Europe<br \/><a href=\"https:\/\/www.invoke-software.fr\/banque-assurance?utm_source=xbrlfr\" target=\"_blank\" rel=\"noopener\">www.invoke-software.fr<\/a><\/p>\n<p>Contact:<strong><br \/><\/strong><a href=\"mailto:contact@invoke.fr\">contact@invoke.fr<\/a><\/p>\n<\/td>\n<td style=\"width: 24.5238%; height: 43px;\">\n<p>Approche tactique : <br \/><strong>e-Filing for Banks<\/strong><\/p>\n<p>Approche strat\u00e9gique : <strong>Invoke Regulatory<\/strong><\/p>\n<\/td>\n<td style=\"width: 50.9524%; height: 43px;\">\n<p>Votre conformit\u00e9 IFR\/IFD cl\u00e9-en-main, en moins d\u2019une semaine.<\/p>\n<p><strong>e-Filing for Banks, <\/strong>portail web 100% SaaS, 100% secure :<\/p>\n<ul>\n<li>Alimentation des tableaux r\u00e9glementaires IFR\/IFD par import Excel et\/ou saisie<\/li>\n<li>Exhaustivit\u00e9 des contr\u00f4les r\u00e9glementaires (techniques et m\u00e9tier)<\/li>\n<li>Signature \u00e9lectronique (remises bureautiques comprises)<\/li>\n<li>Option connexion OneGate (envoi\/retour)<\/li>\n<\/ul>\n<p><strong>Invoke Regulatory, <\/strong>plateforme r\u00e9glementaire int\u00e9gr\u00e9e\u00a0:<\/p>\n<ul>\n<li>Permet en plus de s\u2019interfacer avec votre syst\u00e8me d\u2019information pour automatiser la valorisation des tableaux r\u00e9glementaires<\/li>\n<li>Disponible en mode SaaS ou On Premise<\/li>\n<\/ul>\n<p>\u00c9diteur fran\u00e7ais de r\u00e9f\u00e9rence en mati\u00e8re de reporting r\u00e9glementaire, membre fondateur d\u2019XBRL France, Invoke compte aujourd\u2019hui plus de 15 ans d\u2019exp\u00e9rience et 1800 clients.<\/p>\n<\/td>\n<\/tr>\n<tr style=\"height: 64px;\">\n<td style=\"width: 24.5237%; height: 64px;\">\n<p><strong><span style=\"color: #3366ff;\">Logic Informatique SAS<br \/>XBRL.express<br \/><\/span><\/strong>XBRL France<strong><br \/><\/strong>XBRL Europe<br \/><a href=\"http:\/\/www.xbrl.express\" target=\"_blank\" rel=\"noopener\">www.xbrl.express<\/a><\/p>\n<p>Contact:<br \/>Amanda ALVADO<br \/>01 56 88 58 60<br \/><a href=\"mailto:sales@XBRL.express\">sales@XBRL.express<\/a><\/p>\n<\/td>\n<td style=\"width: 24.5238%; height: 64px;\"><a href=\"http:\/\/www.XBRL.express\"><strong>www.XBRL.express<\/strong><\/a><strong>\u00a0<\/strong><br \/>Le portail XBRL universel europ\u00e9en<\/td>\n<td style=\"width: 50.9524%; height: 64px;\">\n<p>Toute l\u2019actualit\u00e9 XBRL la plus r\u00e9cente est disponible sur le portail <a href=\"http:\/\/www.XBRL.express\">www.XBRL.express<\/a>.<\/p>\n<p>Pour d\u00e9clarer, il suffit de prendre un classeur Excel parmi les 1000 d\u00e9clarations qui sont propos\u00e9es ; le remplir puis le d\u00e9poser sur notre portail. En quelques secondes, XBRL.express rend le classeur Excel corrig\u00e9 avec le PDF sign\u00e9 de la d\u00e9claration. Le fichier XBRL est lui d\u00e9pos\u00e9 directement sur le portail ONEGATE de l\u2019ACPR. Toutes nos d\u00e9clarations autorisent les macros et VBA et liste d\u2019importation directe. Avec XBRL.express, le reporting devient une exp\u00e9rience concr\u00e8te et r\u00e9ellement productive.<\/p>\n<\/td>\n<\/tr>\n<tr style=\"height: 431px;\">\n<td style=\"width: 24.5237%; height: 431px;\">\n<p><span style=\"color: #3366ff;\"><strong>UBpartner<br \/><\/strong><span style=\"color: #000000;\">XBRL France<br \/>XBRL Europe<br \/><a href=\"https:\/\/www.ubpartner.com\/\" target=\"_blank\" rel=\"noopener\">www.ubpartner.com<\/a><\/span><strong><br \/><\/strong><\/span><\/p>\n<p>Contact:<br \/>Steve Berdah <a href=\"mailto:sberdah@ubpartner.fr\">sberdah@ubpartner.fr<\/a><\/p>\n<\/td>\n<td style=\"width: 24.5238%; height: 431px;\"><strong>XPE<br \/>Conversion &amp; Validation<\/strong><\/td>\n<td style=\"width: 50.9524%; height: 431px;\">\n<p>Dans le sillage d\u2019UBMatrix, l\u2019un des fondateurs de la norme XBRL, UBPartner est un acteur europ\u00e9en majeur d\u2019XBRL avec une pr\u00e9sence en Europe, Russie, Asie et au Canada.<br \/>Autour du moteur de validation \u00a0agnostique XPE, UBPartner a construit tout une offre de produits adapt\u00e9s \u00e0 chaque reporting r\u00e9glementaire, en mode SAAS ou en mode \u00a0local \u2013 client unique ou multiutilisateurs \u2013 avec comme ligne directrice de cacher la complexit\u00e9 d\u2019XBRL . Les utilisateurs sont cantonn\u00e9s \u00e0 Excel ! nos outils se chargeant de la <strong>conversion Excel &gt; XBRL + validatio<\/strong>n et de la conversion XBRL &gt; Excel en cas d\u2019erreurs.<br \/>UBPartner supporte les taxnomies SURFI, CRD IV , Solva 2, ESEF et \u2026.. IFD\/IFR.<\/p>\n<\/td>\n<\/tr>\n<\/tbody>\n<\/table>\n<p>\u00a0<\/p>\n","protected":false},"excerpt":{"rendered":"<p>Le r\u00e9gime prudentiel des entreprises d&#8217;investissement \u00e9volue dans l&#8217;Union Europ\u00e9enne. La r\u00e9glementation IFD\/IFR (Investments Firm Directive and Regulation) adopt\u00e9e le 19 mars 2019 entrera en application le 26 juin 2021. Elle introduit des exigences nouvelles en mati\u00e8re de fonds propres et de liquidit\u00e9, avec un facteur de proportionnalit\u00e9 en fonction de la cat\u00e9gorie de l&#8217;entreprise [&hellip;]<\/p>\n","protected":false},"author":1,"featured_media":0,"parent":27,"menu_order":10,"comment_status":"closed","ping_status":"closed","template":"","meta":{"footnotes":""},"tags":[],"class_list":["post-1402","page","type-page","status-publish","hentry"],"_links":{"self":[{"href":"https:\/\/www.xbrlfrance.org\/index.php?rest_route=\/wp\/v2\/pages\/1402","targetHints":{"allow":["GET"]}}],"collection":[{"href":"https:\/\/www.xbrlfrance.org\/index.php?rest_route=\/wp\/v2\/pages"}],"about":[{"href":"https:\/\/www.xbrlfrance.org\/index.php?rest_route=\/wp\/v2\/types\/page"}],"author":[{"embeddable":true,"href":"https:\/\/www.xbrlfrance.org\/index.php?rest_route=\/wp\/v2\/users\/1"}],"replies":[{"embeddable":true,"href":"https:\/\/www.xbrlfrance.org\/index.php?rest_route=%2Fwp%2Fv2%2Fcomments&post=1402"}],"version-history":[{"count":19,"href":"https:\/\/www.xbrlfrance.org\/index.php?rest_route=\/wp\/v2\/pages\/1402\/revisions"}],"predecessor-version":[{"id":1676,"href":"https:\/\/www.xbrlfrance.org\/index.php?rest_route=\/wp\/v2\/pages\/1402\/revisions\/1676"}],"up":[{"embeddable":true,"href":"https:\/\/www.xbrlfrance.org\/index.php?rest_route=\/wp\/v2\/pages\/27"}],"wp:attachment":[{"href":"https:\/\/www.xbrlfrance.org\/index.php?rest_route=%2Fwp%2Fv2%2Fmedia&parent=1402"}],"wp:term":[{"taxonomy":"post_tag","embeddable":true,"href":"https:\/\/www.xbrlfrance.org\/index.php?rest_route=%2Fwp%2Fv2%2Ftags&post=1402"}],"curies":[{"name":"wp","href":"https:\/\/api.w.org\/{rel}","templated":true}]}}