{"id":148,"date":"2013-12-18T11:08:36","date_gmt":"2013-12-18T10:08:36","guid":{"rendered":"http:\/\/web.xbrlfrance.org\/?p=148"},"modified":"2026-02-07T15:23:32","modified_gmt":"2026-02-07T14:23:32","slug":"archives","status":"publish","type":"page","link":"https:\/\/www.xbrlfrance.org\/?page_id=148","title":{"rendered":"Newsletters (Archives)"},"content":{"rendered":"<p><strong>Consultez les archives des newsletters XBRL France<\/strong><\/p>\n<p><a href=\"http:\/\/web.xbrlfrance.org\/wp-content\/uploads\/2013\/12\/newsletter_xbrl_15.pdf\" target=\"_blank\" rel=\"noopener\">Newsletter n\u00b015 &#8211; Juillet 2012<\/a><\/p>\n<ul>\n<li><span style=\"line-height: 1.3em;\">XBRL, quelles perspectives ?<\/span><\/li>\n<li><span style=\"line-height: 1.3em;\">Solvabilit\u00e9 II, 5 questions \u00e0 Jean-Luc Menda<\/span><\/li>\n<li><span style=\"line-height: 1.3em;\">Pourquoi \u00eatre certifi\u00e9 XBRL ?<\/span><\/li>\n<li><span style=\"line-height: 1.3em;\">24\u00e8me Conf\u00e9rence Internationale XBRL Abu Dhabi<\/span><\/li>\n<\/ul>\n<p><a href=\"http:\/\/web.xbrlfrance.org\/wp-content\/uploads\/2013\/12\/newsletter_xbrl_14.pdf\" target=\"_blank\" rel=\"noopener\">Newsletter n\u00b014 &#8211; D\u00e9cembre 2010<\/a><\/p>\n<ul>\n<li><span style=\"line-height: 1.3em;\">Orientations strat\u00e9giques du Consortium XBRL International<\/span><\/li>\n<li><span style=\"line-height: 1.3em;\">On en parle en Chine : points-cl\u00e9s de la 21\u00e8me Conf\u00e9rence XBRL International<\/span><\/li>\n<li><span style=\"line-height: 1.3em;\">L&#8217;adoption d&#8217;XBRL en parall\u00e8le de l&#8217;impl\u00e9mentation des IFRS<\/span><\/li>\n<li><span style=\"line-height: 1.3em;\">Evaluation de la taxonomie IFRS dans le cadre de la publication des \u00e9tats financiers des soci\u00e9t\u00e9s \u00e9trang\u00e8res cot\u00e9es sur le NYSE<\/span><\/li>\n<\/ul>\n<p><a href=\"http:\/\/web.xbrlfrance.org\/wp-content\/uploads\/2013\/12\/newsletter_xbrl_13.pdf\" target=\"_blank\" rel=\"noopener\">Newsletter n\u00b013 &#8211; Juillet 2010<\/a><\/p>\n<ul>\n<li><span style=\"line-height: 1.3em;\">XEU BR WG &#8211; Partager l&#8217;information \u00e9conomique et l\u00e9gale des entreprises en Europe<\/span><\/li>\n<li><span style=\"line-height: 1.3em;\">Conf\u00e9rence &#8220;XBRL au coeur des Syst\u00e8mes d&#8217;Information des \u00e9tablissements financiers&#8221;<\/span><\/li>\n<li><span style=\"line-height: 1.3em;\">Conf\u00e9rence &#8220;Transformer la contrainte r\u00e9glementaire XBRL en levier de progr\u00e8s&#8221;<\/span><\/li>\n<\/ul>\n<p><a href=\"http:\/\/web.xbrlfrance.org\/wp-content\/uploads\/2013\/12\/newsletter_xbrl_12.pdf\" target=\"_blank\" rel=\"noopener\">Newsletter n\u00b012 &#8211; Mars 2010<\/a><\/p>\n<ul>\n<li><span style=\"line-height: 1.3em;\">Compte-rendu de la conf\u00e9rence &#8220;La taxonomie SURFI et les formules XBRL&#8221;<\/span><\/li>\n<li><span style=\"line-height: 1.3em;\">Call for evidence &#8211; CESR [09-859]<\/span><\/li>\n<li><span style=\"line-height: 1.3em;\">Compte-rendu de la conf\u00e9rence &#8220;Les projets XBRL de l&#8217;IASB et de l&#8217;IASCF Foundation&#8221;<\/span><\/li>\n<\/ul>\n<p><a href=\"http:\/\/web.xbrlfrance.org\/wp-content\/uploads\/2013\/12\/newsletter_xbrl_11.pdf\" target=\"_blank\" rel=\"noopener\">Newsletter n\u00b011 &#8211; Juin 2009<\/a><\/p>\n<ul>\n<li><span style=\"line-height: 1.3em;\">Num\u00e9ro sp\u00e9cial &#8220;19\u00e8me Conf\u00e9rence XBRL International&#8221; : Comment r\u00e9duire ses co\u00fbts de reporting avec XBRL dans un contexte de meilleure r\u00e9gulation ? Les membres d&#8217;XBRL France vous r\u00e9pondent.<\/span><\/li>\n<\/ul>\n<p><a href=\"http:\/\/web.xbrlfrance.org\/wp-content\/uploads\/2013\/12\/newsletter_xbrl_10.pdf\" target=\"_blank\" rel=\"noopener\">Newsletter n\u00b010 &#8211; Mars 2009<\/a><\/p>\n<ul>\n<li><span style=\"line-height: 1.3em;\">3 questions \u00e0 Jean-Luc Menda sur la Taxonomie des Comptes Annuels<\/span><\/li>\n<li><span style=\"line-height: 1.3em;\">La taxonomie XBRL sur les r\u00e9mun\u00e9rations des mandataires sociaux<\/span><\/li>\n<li><span style=\"line-height: 1.3em;\">Actualit\u00e9 de la norme<\/span><\/li>\n<\/ul>\n<p><a href=\"http:\/\/web.xbrlfrance.org\/wp-content\/uploads\/2013\/12\/newsletter_xbrl_9.pdf\" target=\"_blank\" rel=\"noopener\">Newsletter n\u00b09 &#8211; D\u00e9cembre 2008<\/a><\/p>\n<ul>\n<li><span style=\"line-height: 1.3em;\">3 questions \u00e0 Fr\u00e9d\u00e9ric Laisn\u00e9, Pr\u00e9sident d&#8217;Infogreffe<\/span><\/li>\n<li><span style=\"line-height: 1.3em;\">18\u00e8me Conf\u00e9rence XBRL de Washington<\/span><\/li>\n<li><span style=\"line-height: 1.3em;\">Actualit\u00e9s de la norme<\/span><\/li>\n<\/ul>\n<p><a href=\"http:\/\/web.xbrlfrance.org\/wp-content\/uploads\/2013\/12\/newsletter_xbrl_8.pdf\" target=\"_blank\" rel=\"noopener\">Newsletter n\u00b08 &#8211; Octobre 2008<\/a><\/p>\n<ul>\n<li><span style=\"line-height: 1.3em;\">3 questions \u00e0 Sylvie L\u00e9picier, Secr\u00e9taire G\u00e9n\u00e9ral XBRL France<\/span><\/li>\n<li><span style=\"line-height: 1.3em;\">Partenariats XBRL France<\/span><\/li>\n<li><span style=\"line-height: 1.3em;\">Actualit\u00e9s<\/span><\/li>\n<\/ul>\n<p><a href=\"http:\/\/web.xbrlfrance.org\/wp-content\/uploads\/2013\/12\/newsletter_xbrl_7.pdf\" target=\"_blank\" rel=\"noopener\">Newsletter n\u00b07 &#8211; Mai 2008<\/a><\/p>\n<ul>\n<li><span style=\"line-height: 1.3em;\">3 questions \u00e0 Dominique Marolleau<\/span><\/li>\n<li><span style=\"line-height: 1.3em;\">Une extension op\u00e9rationnelle pour d\u00e9mat\u00e9rialiser les comptes annuels<\/span><\/li>\n<li><span style=\"line-height: 1.3em;\">Rencontre avec la DFCG<\/span><\/li>\n<li><span style=\"line-height: 1.3em;\">Nouveaux membres XBRL<\/span><\/li>\n<\/ul>\n<p><a href=\"http:\/\/web.xbrlfrance.org\/wp-content\/uploads\/2013\/12\/newsletter_xbrl_6.pdf\" target=\"_blank\" rel=\"noopener\">Newsletter n\u00b06 &#8211; Mars 2008<\/a><\/p>\n<ul>\n<li><span style=\"line-height: 1.3em;\">Rencontre DFCG du 3 avril<\/span><\/li>\n<li><span style=\"line-height: 1.3em;\">Cap sur l&#8217;Europe<\/span><\/li>\n<li><span style=\"line-height: 1.3em;\">GT Taxonomie Comptes Annuels et GT Technologie<\/span><\/li>\n<li><span style=\"line-height: 1.3em;\">Retours sur la rencontre organis\u00e9e avec la FBF<\/span><\/li>\n<\/ul>\n<p><a href=\"http:\/\/web.xbrlfrance.org\/wp-content\/uploads\/2013\/12\/newsletter_xbrl_5.pdf\" target=\"_blank\" rel=\"noopener\">Newsletter n\u00b05 &#8211; F\u00e9vrier 2008<\/a><\/p>\n<ul>\n<li><span style=\"line-height: 1.3em;\">3 questions \u00e0 St\u00e9phane Allez<\/span><\/li>\n<li><span style=\"line-height: 1.3em;\">Manager les exceptions pour piloter l&#8217;essentiel avec les taxonomies<\/span><\/li>\n<li><span style=\"line-height: 1.3em;\">Rencontre FBF \/ XBRL<\/span><\/li>\n<\/ul>\n<p><a href=\"http:\/\/web.xbrlfrance.org\/wp-content\/uploads\/2013\/12\/newsletter_xbrl_4.pdf\" target=\"_blank\" rel=\"noopener\">Newsletter n\u00b04 &#8211; D\u00e9cembre 2007<\/a><\/p>\n<ul>\n<li><span style=\"line-height: 1.3em;\">3 questions \u00e0 Jean-Luc Menda<\/span><\/li>\n<li><span style=\"line-height: 1.3em;\">XBRL, quel deuxi\u00e8me pas ?<\/span><\/li>\n<li><span style=\"line-height: 1.3em;\">Actualit\u00e9s des groupes de travail<\/span><\/li>\n<\/ul>\n<p><a href=\"http:\/\/web.xbrlfrance.org\/wp-content\/uploads\/2013\/12\/Newsletter-XBRL-France-3.pdf\" target=\"_blank\" rel=\"noopener\">Newsletter n\u00b03 &#8211; Juin 2007<\/a><\/p>\n<ul>\n<li><span style=\"line-height: 1.3em;\">Conf\u00e9rence XBRL du 21 juin 2007<\/span><\/li>\n<li><span style=\"line-height: 1.3em;\">XBRL et le reporting interne<\/span><\/li>\n<li><span style=\"line-height: 1.3em;\">XBRL et la consolidation et le reporting dans les groupes<\/span><\/li>\n<\/ul>\n<p><a href=\"http:\/\/web.xbrlfrance.org\/wp-content\/uploads\/2013\/12\/Newsletter-XBRL-FRANCE-2.pdf\" target=\"_blank\" rel=\"noopener\">Newsletter n\u00b02 &#8211; Mars 2007<\/a><\/p>\n<ul>\n<li><span style=\"line-height: 1.3em;\">Conf\u00e9rence XBRL du 21 juin 2007<\/span><\/li>\n<li><span style=\"line-height: 1.3em;\">XBRL au service du reporting d\u00e9cisionnel<\/span><\/li>\n<li><span style=\"line-height: 1.3em;\">XBRL et le reporting interne<\/span><\/li>\n<\/ul>\n<p><a href=\"http:\/\/web.xbrlfrance.org\/wp-content\/uploads\/2013\/12\/Newsletter-XBRL-FRANCE-1.pdf\" target=\"_blank\" rel=\"noopener\">Newsletter n\u00b01 &#8211; Novembre 2006<\/a><\/p>\n<ul>\n<li><span style=\"line-height: 1.3em;\">Les prochaines manifestations<\/span><\/li>\n<li><span style=\"line-height: 1.3em;\">XBRL France pr\u00e9sente les derni\u00e8res avanc\u00e9es des groupes de travail<\/span><\/li>\n<li><span style=\"line-height: 1.3em;\">3 questions \u00e0 Catherine Karakoc, charg\u00e9e de la traduction de la taxonomie IFRS en fran\u00e7ais<\/span><\/li>\n<\/ul>\n","protected":false},"excerpt":{"rendered":"<p>Consultez les archives des newsletters XBRL France Newsletter n\u00b015 &#8211; Juillet 2012 XBRL, quelles perspectives ? Solvabilit\u00e9 II, 5 questions \u00e0 Jean-Luc Menda Pourquoi \u00eatre certifi\u00e9 XBRL ? 24\u00e8me Conf\u00e9rence Internationale XBRL Abu Dhabi Newsletter n\u00b014 &#8211; D\u00e9cembre 2010 Orientations strat\u00e9giques du Consortium XBRL International On en parle en Chine : points-cl\u00e9s de la 21\u00e8me [&hellip;]<\/p>\n","protected":false},"author":1,"featured_media":0,"parent":3751,"menu_order":1000,"comment_status":"open","ping_status":"open","template":"","meta":{"footnotes":""},"tags":[],"class_list":["post-148","page","type-page","status-publish","hentry"],"_links":{"self":[{"href":"https:\/\/www.xbrlfrance.org\/index.php?rest_route=\/wp\/v2\/pages\/148","targetHints":{"allow":["GET"]}}],"collection":[{"href":"https:\/\/www.xbrlfrance.org\/index.php?rest_route=\/wp\/v2\/pages"}],"about":[{"href":"https:\/\/www.xbrlfrance.org\/index.php?rest_route=\/wp\/v2\/types\/page"}],"author":[{"embeddable":true,"href":"https:\/\/www.xbrlfrance.org\/index.php?rest_route=\/wp\/v2\/users\/1"}],"replies":[{"embeddable":true,"href":"https:\/\/www.xbrlfrance.org\/index.php?rest_route=%2Fwp%2Fv2%2Fcomments&post=148"}],"version-history":[{"count":6,"href":"https:\/\/www.xbrlfrance.org\/index.php?rest_route=\/wp\/v2\/pages\/148\/revisions"}],"predecessor-version":[{"id":3768,"href":"https:\/\/www.xbrlfrance.org\/index.php?rest_route=\/wp\/v2\/pages\/148\/revisions\/3768"}],"up":[{"embeddable":true,"href":"https:\/\/www.xbrlfrance.org\/index.php?rest_route=\/wp\/v2\/pages\/3751"}],"wp:attachment":[{"href":"https:\/\/www.xbrlfrance.org\/index.php?rest_route=%2Fwp%2Fv2%2Fmedia&parent=148"}],"wp:term":[{"taxonomy":"post_tag","embeddable":true,"href":"https:\/\/www.xbrlfrance.org\/index.php?rest_route=%2Fwp%2Fv2%2Ftags&post=148"}],"curies":[{"name":"wp","href":"https:\/\/api.w.org\/{rel}","templated":true}]}}