{"id":15,"date":"2011-01-01T00:00:01","date_gmt":"2010-12-31T23:00:01","guid":{"rendered":"http:\/\/web.xbrlfrance.org\/?p=15"},"modified":"2026-02-07T12:59:56","modified_gmt":"2026-02-07T11:59:56","slug":"a-la-une","status":"publish","type":"page","link":"https:\/\/www.xbrlfrance.org\/?page_id=15","title":{"rendered":"A propos"},"content":{"rendered":"<p align=\"justify\">XBRL France est une association loi 1901\u00a0\u00e0 but non lucratif fond\u00e9e en 2005.<\/p>\n<p align=\"justify\">XBRL France est une \u00abJuridiction\u00bb de la structure <a href=\"http:\/\/www.xbrl.org\">XBRL International<\/a> qui regroupe les juridictions XBRL pr\u00e9sentes \u00e0 travers le monde. Avec ses membres directs et au travers des membres des ses juridictions, XBRL International comprend aujourd\u2019hui pr\u00e8s de 650 organisations membres.<\/p>\n<p align=\"justify\">L\u2019objectif d&#8217;XBRL France, comme pour les autres juridictions dans le monde, est de promouvoir l\u2019utilisation du standard XBRL pour le reporting financier.<\/p>\n<p align=\"justify\">XBRL France est situ\u00e9 200-216 rue Raymond Losserand &#8211; Paris 14\u00e8me, dans les locaux du Conseil National de l&#8217;Ordre des Experts-Comptables.<\/p>\n<p align=\"justify\">XBRL France est un membre fondateur de <a href=\"http:\/\/www.xbrleurope.org\">XBRL Europe<\/a>, l&#8217;association internationale sans but lucratif de droit belge, mise en place pour d\u00e9velopper et mettre en oeuvre des projets europ\u00e9ens communs entre ses membres et pour faire la liaison avec les autorit\u00e9s europ\u00e9ennes ainsi que les f\u00e9d\u00e9rations professionnelles europ\u00e9ennes.<\/p>\n<p align=\"justify\">L\u2019enjeu d&#8217;XBRL France est d\u2019aider en France et si besoin dans les pays limitrophes, les diff\u00e9rentes professions impliqu\u00e9es dans tous les types de reportings, \u00e0 comprendre et \u00e0 s&#8217;approprier et \u00e0 utiliser le langage XBRL. Il est aussi d\u2019optimiser la mise en place de projets et de taxonomies, tout en organisant la communication autour du langage XBRL.<\/p>\n<p align=\"justify\">A cet effet, des groupes de travail <a title=\"Groupes de travail\" href=\"index.php?option=com_content&amp;view=article&amp;id=80&amp;Itemid=489\">(voir d\u00e9tail)<\/a> ont \u00e9t\u00e9 constitu\u00e9s.<\/p>\n<p class=\"caption\" align=\"justify\">XBRL France organise en plus des r\u00e9unions des groupes de travail, plusieurs \u00e9v\u00e9nements pour ses membres (conf\u00e9rences, petits d\u00e9jeuners, etc&#8230;). Les prochains \u00e9v\u00e9nements sont accessibles \u00e0 la page \u00e9v\u00e9nements \u00e0 venir.<\/p>\n<p class=\"caption\" align=\"justify\">Ce site XBRL France comprend une partie publique et une partie priv\u00e9e accessible seulement \u00e0 ses membres qui doivent s&#8217;enregistrer en cr\u00e9ant un compte pour \u00eatre autoris\u00e9s \u00e0 acc\u00e9der \u00e0 la partie priv\u00e9e. Les membres d&#8217;XBRL France ont ainsi acc\u00e8s aux documents tels que les compte-rendus de r\u00e9unions, les pr\u00e9sentations, les versions des taxonomies, etc &#8230;<\/p>\n","protected":false},"excerpt":{"rendered":"<p>XBRL France est une association loi 1901\u00a0\u00e0 but non lucratif fond\u00e9e en 2005. XBRL France est une \u00abJuridiction\u00bb de la structure XBRL International qui regroupe les juridictions XBRL pr\u00e9sentes \u00e0 travers le monde. Avec ses membres directs et au travers des membres des ses juridictions, XBRL International comprend aujourd\u2019hui pr\u00e8s de 650 organisations membres. L\u2019objectif [&hellip;]<\/p>\n","protected":false},"author":1,"featured_media":0,"parent":0,"menu_order":30,"comment_status":"open","ping_status":"open","template":"","meta":{"footnotes":""},"tags":[],"class_list":["post-15","page","type-page","status-publish","hentry"],"_links":{"self":[{"href":"https:\/\/www.xbrlfrance.org\/index.php?rest_route=\/wp\/v2\/pages\/15","targetHints":{"allow":["GET"]}}],"collection":[{"href":"https:\/\/www.xbrlfrance.org\/index.php?rest_route=\/wp\/v2\/pages"}],"about":[{"href":"https:\/\/www.xbrlfrance.org\/index.php?rest_route=\/wp\/v2\/types\/page"}],"author":[{"embeddable":true,"href":"https:\/\/www.xbrlfrance.org\/index.php?rest_route=\/wp\/v2\/users\/1"}],"replies":[{"embeddable":true,"href":"https:\/\/www.xbrlfrance.org\/index.php?rest_route=%2Fwp%2Fv2%2Fcomments&post=15"}],"version-history":[{"count":4,"href":"https:\/\/www.xbrlfrance.org\/index.php?rest_route=\/wp\/v2\/pages\/15\/revisions"}],"predecessor-version":[{"id":3770,"href":"https:\/\/www.xbrlfrance.org\/index.php?rest_route=\/wp\/v2\/pages\/15\/revisions\/3770"}],"wp:attachment":[{"href":"https:\/\/www.xbrlfrance.org\/index.php?rest_route=%2Fwp%2Fv2%2Fmedia&parent=15"}],"wp:term":[{"taxonomy":"post_tag","embeddable":true,"href":"https:\/\/www.xbrlfrance.org\/index.php?rest_route=%2Fwp%2Fv2%2Ftags&post=15"}],"curies":[{"name":"wp","href":"https:\/\/api.w.org\/{rel}","templated":true}]}}