{"id":19,"date":"2013-03-19T17:20:35","date_gmt":"2013-03-19T16:20:35","guid":{"rendered":"http:\/\/web.xbrlfrance.org\/?p=19"},"modified":"2020-07-06T15:33:37","modified_gmt":"2020-07-06T13:33:37","slug":"statuts","status":"publish","type":"page","link":"https:\/\/www.xbrlfrance.org\/?page_id=19","title":{"rendered":"Statuts"},"content":{"rendered":"<p><strong>STATUTS XBRL France<\/strong><\/p>\n<p>Les derniers statuts ont \u00e9t\u00e9 approuv\u00e9s en Assembl\u00e9e G\u00e9n\u00e9rale mixte du 23 juin 2020 (version modifi\u00e9e en date du 17 octobre 2019)<\/p>\n<p><a href=\"https:\/\/www.xbrlfrance.org\/wp-content\/uploads\/2020\/07\/Statuts-XBRL-FR-r\u00e9vis\u00e9s_2019_10_17_V1_VS2.pdf\">Suivre le lien pour t\u00e9l\u00e9charger les statuts<\/a><\/p>\n<p><strong>Extraits des statuts concernant la Gouvernance:<\/strong><\/p>\n<p><strong>TITRE III \u2013 ADMINISTRATION<\/strong><\/p>\n<p><strong>Article 10 &#8211; Conseil d&#8217;administration.<br \/>\nArticle 10-1 Composition du Conseil d\u2019Administration.<\/strong><\/p>\n<p>L&#8217;association est administr\u00e9e par un Conseil d&#8217;administration de 6 membres au moins et 14 membres au plus. Le premier Conseil d\u2019administration est compos\u00e9 exclusivement des membres fondateurs.<\/p>\n<p>Les membres du Conseil d\u2019administration forment 3 coll\u00e8ges\u00a0:<\/p>\n<ul>\n<li style=\"margin-left: 36pt;\">le Coll\u00e8ge des Institutions (organisations ou des organismes institutionnels publics, parapublics ou professionnels \u00e0 caract\u00e8re national sans but lucratif)\u00a0;<\/li>\n<li style=\"margin-left: 36pt;\">le Coll\u00e8ge des Utilisateurs (soci\u00e9t\u00e9s commerciales, cot\u00e9es ou non, qui utilisent ou envisagent d\u2019utiliser le langage XBRL, Experts-comptables, Commissaires aux comptes)\u00a0;<\/li>\n<li style=\"margin-left: 36pt;\">le Coll\u00e8ge des Soci\u00e9t\u00e9s de Services (entit\u00e9s qui fournissent des prestations de services ou \u00e9ditent et commercialisent des logiciels li\u00e9s \u00e0 XBRL \u00e0 l\u2019attention des Utilisateurs ou Institutions).<\/li>\n<\/ul>\n<p>Le Coll\u00e8ge des Institutions est compos\u00e9 de 4 \u00e0 6 membres au maximum. Chacun des deux autres Coll\u00e8ges est compos\u00e9 de 0 \u00e0 4 membres.<\/p>\n<p>Les fonctions de membre du Conseil d\u2019administration ne sont pas r\u00e9mun\u00e9r\u00e9es.<\/p>\n<p>Seuls les membres fondateurs, les membres adh\u00e9rents actifs et les membres d\u2019honneur peuvent \u00eatre membres du Conseil d\u2019administration. Toutefois, le Conseil d\u2019administration peut entendre tout membre de l\u2019association \u00e0 ses r\u00e9unions, s\u2019il l\u2019estime utile pour la clart\u00e9 des d\u00e9bats.<\/p>\n<p><strong>Article 10-2 . Organes de gouvernance du Conseil d\u2019Administration<\/strong><br \/>\nLe Conseil d\u2019administration nomme en son sein :<\/p>\n<ul>\n<li>Un pr\u00e9sident<\/li>\n<li>Un ou plusieurs vice-pr\u00e9sidents<\/li>\n<li>Un tr\u00e9sorier<\/li>\n<\/ul>\n<p><u>Le Pr\u00e9sident est choisi parmi les membres du Coll\u00e8ge des Institutions.<\/u><\/p>\n<p><strong>Article 10-3. Bureau du Conseil d\u2019Administration.<\/strong><br \/>\nLe bureau du Conseil d\u2019Administration assure le fonctionnement de l\u2019Association de fa\u00e7on continue, par d\u00e9l\u00e9gation de pouvoirs du Conseil d\u2019Administration (voir Article 15).<br \/>\nIl est compos\u00e9 au minimum du Pr\u00e9sident, du ou des Vice-Pr\u00e9sidents et du Tr\u00e9sorier.<\/p>\n","protected":false},"excerpt":{"rendered":"<p>STATUTS XBRL France Les derniers statuts ont \u00e9t\u00e9 approuv\u00e9s en Assembl\u00e9e G\u00e9n\u00e9rale mixte du 23 juin 2020 (version modifi\u00e9e en date du 17 octobre 2019) Suivre le lien pour t\u00e9l\u00e9charger les statuts Extraits des statuts concernant la Gouvernance: TITRE III \u2013 ADMINISTRATION Article 10 &#8211; Conseil d&#8217;administration. Article 10-1 Composition du Conseil d\u2019Administration. L&#8217;association est [&hellip;]<\/p>\n","protected":false},"author":1,"featured_media":0,"parent":20,"menu_order":34,"comment_status":"open","ping_status":"open","template":"","meta":{"footnotes":""},"tags":[],"class_list":["post-19","page","type-page","status-publish","hentry"],"_links":{"self":[{"href":"https:\/\/www.xbrlfrance.org\/index.php?rest_route=\/wp\/v2\/pages\/19","targetHints":{"allow":["GET"]}}],"collection":[{"href":"https:\/\/www.xbrlfrance.org\/index.php?rest_route=\/wp\/v2\/pages"}],"about":[{"href":"https:\/\/www.xbrlfrance.org\/index.php?rest_route=\/wp\/v2\/types\/page"}],"author":[{"embeddable":true,"href":"https:\/\/www.xbrlfrance.org\/index.php?rest_route=\/wp\/v2\/users\/1"}],"replies":[{"embeddable":true,"href":"https:\/\/www.xbrlfrance.org\/index.php?rest_route=%2Fwp%2Fv2%2Fcomments&post=19"}],"version-history":[{"count":4,"href":"https:\/\/www.xbrlfrance.org\/index.php?rest_route=\/wp\/v2\/pages\/19\/revisions"}],"predecessor-version":[{"id":1207,"href":"https:\/\/www.xbrlfrance.org\/index.php?rest_route=\/wp\/v2\/pages\/19\/revisions\/1207"}],"up":[{"embeddable":true,"href":"https:\/\/www.xbrlfrance.org\/index.php?rest_route=\/wp\/v2\/pages\/20"}],"wp:attachment":[{"href":"https:\/\/www.xbrlfrance.org\/index.php?rest_route=%2Fwp%2Fv2%2Fmedia&parent=19"}],"wp:term":[{"taxonomy":"post_tag","embeddable":true,"href":"https:\/\/www.xbrlfrance.org\/index.php?rest_route=%2Fwp%2Fv2%2Ftags&post=19"}],"curies":[{"name":"wp","href":"https:\/\/api.w.org\/{rel}","templated":true}]}}