{"id":2,"date":"2018-07-16T11:15:29","date_gmt":"2018-07-16T09:15:29","guid":{"rendered":"http:\/\/web.xbrlfrance.org\/?page_id=2"},"modified":"2026-03-08T17:52:02","modified_gmt":"2026-03-08T16:52:02","slug":"page-d-exemple","status":"publish","type":"page","link":"https:\/\/www.xbrlfrance.org\/","title":{"rendered":"Accueil"},"content":{"rendered":"<div class='content-column one_half'><p><strong>XBRL<\/strong> (eXtensible Business Reporting Language) est un langage informatique, ouvert et libre de droit, qui permet d\u2019identifier pr\u00e9cis\u00e9ment chaque information financi\u00e8re, \u00e0 l\u2019image de la r\u00e9volution qu\u2019a constitu\u00e9\u00a0\u00a0\u00a0 \u00a0le \u00ab code-barre \u00bb dans la distribution. Langage de reporting libre de droits bas\u00e9 sur le standard XML, il permet de r\u00e9duire les co\u00fbts et de fiabiliser la transmission de l\u2019information financi\u00e8re.<\/p>\n<p><strong>XBRL France et ses membres Premium<\/strong> :<\/p>\n<table style=\"border-collapse: collapse; width: 100%;\">\n<tbody>\n<tr>\n<td style=\"width: 20%; text-align: center;\"><\/td>\n<td style=\"width: 20%; text-align: center;\"><a href=\"https:\/\/www2.deloitte.com\/fr\/fr\/pages\/home.html\"><img loading=\"lazy\" decoding=\"async\" class=\"alignnone  wp-image-1873\" src=\"https:\/\/www.xbrlfrance.org\/wp-content\/uploads\/2021\/12\/Deloitte.png\" alt=\"\" width=\"92\" height=\"46\" srcset=\"https:\/\/www.xbrlfrance.org\/wp-content\/uploads\/2021\/12\/Deloitte.png 318w, https:\/\/www.xbrlfrance.org\/wp-content\/uploads\/2021\/12\/Deloitte-300x150.png 300w\" sizes=\"auto, (max-width: 92px) 100vw, 92px\" \/><\/a><\/td>\n<td style=\"width: 20%; text-align: center;\"><a href=\"http:\/\/www.ey.com\"><img loading=\"lazy\" decoding=\"async\" class=\"alignnone  wp-image-3272\" src=\"https:\/\/www.xbrlfrance.org\/wp-content\/uploads\/2025\/02\/EY.gif\" alt=\"\" width=\"46\" height=\"42\" \/><\/a><\/td>\n<td style=\"width: 20%; text-align: center;\"><a href=\"https:\/\/home.kpmg\/fr\/fr\/home.html\"><img loading=\"lazy\" decoding=\"async\" class=\"wp-image-1003 aligncenter\" src=\"http:\/\/web.xbrlfrance.org\/wp-content\/uploads\/2019\/12\/KPMG.png\" alt=\"\" width=\"56\" height=\"23\" srcset=\"https:\/\/www.xbrlfrance.org\/wp-content\/uploads\/2019\/12\/KPMG.png 1280w, https:\/\/www.xbrlfrance.org\/wp-content\/uploads\/2019\/12\/KPMG-300x124.png 300w, https:\/\/www.xbrlfrance.org\/wp-content\/uploads\/2019\/12\/KPMG-768x318.png 768w, https:\/\/www.xbrlfrance.org\/wp-content\/uploads\/2019\/12\/KPMG-1024x424.png 1024w, https:\/\/www.xbrlfrance.org\/wp-content\/uploads\/2019\/12\/KPMG-620x257.png 620w\" sizes=\"auto, (max-width: 56px) 100vw, 56px\" \/><\/a><\/td>\n<td style=\"width: 20%; text-align: center;\"><\/td>\n<\/tr>\n<tr>\n<td style=\"width: 20%; text-align: center;\"><a href=\"https:\/\/www.moodysanalytics.com\/regions\/europe\/france\"><img loading=\"lazy\" decoding=\"async\" class=\"alignnone wp-image-1005\" src=\"http:\/\/web.xbrlfrance.org\/wp-content\/uploads\/2019\/12\/Moodys-analytics.gif\" alt=\"\" width=\"78\" height=\"29\" \/><\/a><\/td>\n<td style=\"width: 20%; text-align: center;\"><a href=\"https:\/\/www.regnology.net\/fr\/\"><img loading=\"lazy\" decoding=\"async\" class=\"alignnone size-full wp-image-3006\" src=\"https:\/\/www.xbrlfrance.org\/wp-content\/uploads\/2024\/10\/Regnology-logo-positive-PNG.png\" alt=\"\" width=\"2000\" height=\"500\" srcset=\"https:\/\/www.xbrlfrance.org\/wp-content\/uploads\/2024\/10\/Regnology-logo-positive-PNG.png 2000w, https:\/\/www.xbrlfrance.org\/wp-content\/uploads\/2024\/10\/Regnology-logo-positive-PNG-300x75.png 300w, https:\/\/www.xbrlfrance.org\/wp-content\/uploads\/2024\/10\/Regnology-logo-positive-PNG-1024x256.png 1024w, https:\/\/www.xbrlfrance.org\/wp-content\/uploads\/2024\/10\/Regnology-logo-positive-PNG-768x192.png 768w, https:\/\/www.xbrlfrance.org\/wp-content\/uploads\/2024\/10\/Regnology-logo-positive-PNG-1536x384.png 1536w, https:\/\/www.xbrlfrance.org\/wp-content\/uploads\/2024\/10\/Regnology-logo-positive-PNG-620x155.png 620w\" sizes=\"auto, (max-width: 2000px) 100vw, 2000px\" \/><\/a><\/td>\n<td style=\"width: 20%; text-align: center;\"><img loading=\"lazy\" decoding=\"async\" class=\"alignnone size-full wp-image-3234\" src=\"https:\/\/www.xbrlfrance.org\/wp-content\/uploads\/2025\/01\/SBS-logo-2024-color-black.png\" alt=\"\" width=\"1435\" height=\"692\" srcset=\"https:\/\/www.xbrlfrance.org\/wp-content\/uploads\/2025\/01\/SBS-logo-2024-color-black.png 1435w, https:\/\/www.xbrlfrance.org\/wp-content\/uploads\/2025\/01\/SBS-logo-2024-color-black-300x145.png 300w, https:\/\/www.xbrlfrance.org\/wp-content\/uploads\/2025\/01\/SBS-logo-2024-color-black-1024x494.png 1024w, https:\/\/www.xbrlfrance.org\/wp-content\/uploads\/2025\/01\/SBS-logo-2024-color-black-768x370.png 768w, https:\/\/www.xbrlfrance.org\/wp-content\/uploads\/2025\/01\/SBS-logo-2024-color-black-620x299.png 620w\" sizes=\"auto, (max-width: 1435px) 100vw, 1435px\" \/><\/td>\n<td style=\"width: 20%; text-align: center;\"><a href=\"https:\/\/www.talentia-software.com\/\" target=\"_blank\" rel=\"noopener noreferrer\"><img loading=\"lazy\" decoding=\"async\" class=\"alignnone wp-image-1193\" src=\"https:\/\/www.xbrlfrance.org\/wp-content\/uploads\/2020\/06\/talentia_logo_rvb.jpg\" alt=\"\" width=\"108\" height=\"51\" srcset=\"https:\/\/www.xbrlfrance.org\/wp-content\/uploads\/2020\/06\/talentia_logo_rvb.jpg 2362w, https:\/\/www.xbrlfrance.org\/wp-content\/uploads\/2020\/06\/talentia_logo_rvb-300x143.jpg 300w, https:\/\/www.xbrlfrance.org\/wp-content\/uploads\/2020\/06\/talentia_logo_rvb-1024x489.jpg 1024w, https:\/\/www.xbrlfrance.org\/wp-content\/uploads\/2020\/06\/talentia_logo_rvb-768x366.jpg 768w, https:\/\/www.xbrlfrance.org\/wp-content\/uploads\/2020\/06\/talentia_logo_rvb-1536x733.jpg 1536w, https:\/\/www.xbrlfrance.org\/wp-content\/uploads\/2020\/06\/talentia_logo_rvb-2048x977.jpg 2048w, https:\/\/www.xbrlfrance.org\/wp-content\/uploads\/2020\/06\/talentia_logo_rvb-600x278.jpg 600w, https:\/\/www.xbrlfrance.org\/wp-content\/uploads\/2020\/06\/talentia_logo_rvb-620x296.jpg 620w\" sizes=\"auto, (max-width: 108px) 100vw, 108px\" \/><\/a><\/td>\n<td style=\"width: 20%; text-align: center;\"><\/td>\n<\/tr>\n<\/tbody>\n<\/table><\/div><br \/>\n<div class='content-column one_half last_column'><strong>XBRL France<\/strong>, est une association Loi de 1901 enregistr\u00e9e en France. Ses membres sont des soci\u00e9t\u00e9s, institutions publiques ou consulaires ou des individus oeuvrant au d\u00e9veloppement du standard XBRL en France. XBRL France est une juridiction du consortium XBRL International et est membre de l&#8217;organisation r\u00e9gionale <a href=\"http:\/\/www.xbrleurope.org\"><strong>XBRL Europe<\/strong><\/a><\/p><\/div><div class='clear_column'><\/div><\/p>\n","protected":false},"excerpt":{"rendered":"","protected":false},"author":1,"featured_media":0,"parent":0,"menu_order":0,"comment_status":"closed","ping_status":"open","template":"","meta":{"footnotes":""},"tags":[],"class_list":["post-2","page","type-page","status-publish","hentry"],"_links":{"self":[{"href":"https:\/\/www.xbrlfrance.org\/index.php?rest_route=\/wp\/v2\/pages\/2","targetHints":{"allow":["GET"]}}],"collection":[{"href":"https:\/\/www.xbrlfrance.org\/index.php?rest_route=\/wp\/v2\/pages"}],"about":[{"href":"https:\/\/www.xbrlfrance.org\/index.php?rest_route=\/wp\/v2\/types\/page"}],"author":[{"embeddable":true,"href":"https:\/\/www.xbrlfrance.org\/index.php?rest_route=\/wp\/v2\/users\/1"}],"replies":[{"embeddable":true,"href":"https:\/\/www.xbrlfrance.org\/index.php?rest_route=%2Fwp%2Fv2%2Fcomments&post=2"}],"version-history":[{"count":79,"href":"https:\/\/www.xbrlfrance.org\/index.php?rest_route=\/wp\/v2\/pages\/2\/revisions"}],"predecessor-version":[{"id":3801,"href":"https:\/\/www.xbrlfrance.org\/index.php?rest_route=\/wp\/v2\/pages\/2\/revisions\/3801"}],"wp:attachment":[{"href":"https:\/\/www.xbrlfrance.org\/index.php?rest_route=%2Fwp%2Fv2%2Fmedia&parent=2"}],"wp:term":[{"taxonomy":"post_tag","embeddable":true,"href":"https:\/\/www.xbrlfrance.org\/index.php?rest_route=%2Fwp%2Fv2%2Ftags&post=2"}],"curies":[{"name":"wp","href":"https:\/\/api.w.org\/{rel}","templated":true}]}}