{"id":21,"date":"2013-03-19T17:23:05","date_gmt":"2013-03-19T16:23:05","guid":{"rendered":"http:\/\/web.xbrlfrance.org\/?p=21"},"modified":"2025-11-22T07:56:21","modified_gmt":"2025-11-22T06:56:21","slug":"gouvernance","status":"publish","type":"page","link":"https:\/\/www.xbrlfrance.org\/?page_id=21","title":{"rendered":"Gouvernance"},"content":{"rendered":"<p>Depuis l&#8217;Assembl\u00e9e G\u00e9n\u00e9rale du 26 juin 2025, le Conseil d&#8217;Administration est compos\u00e9 de 11 membres comme suit :<\/p>\n<ul>\n<li>Coll\u00e8ge des Institutions :\n<ul>\n<li>Compagnie Nationale des Commissaires aux Comptes (CNCC), repr\u00e9sent\u00e9e par Bruno Tesni\u00e8re<\/li>\n<li>Conseil Sup\u00e9rieur de l&#8217;Ordre des Experts-Comptables (CSOEC), repr\u00e9sent\u00e9 par Dominique Perier<\/li>\n<li>Banque de France, repr\u00e9sent\u00e9e par Vincent Le Moal-Joubel<\/li>\n<\/ul>\n<\/li>\n<li>Coll\u00e8ge des Utilisateurs :\n<ul>\n<li>etXetera repr\u00e9sent\u00e9e par Pierre Hamon<\/li>\n<li>Corporatings repr\u00e9sent\u00e9e par Marc Houllier<\/li>\n<li>KPMG, repr\u00e9sent\u00e9e par Astrid Montagnier<\/li>\n<li>Deloitte &amp; Associ\u00e9es, repr\u00e9sent\u00e9e par Morgan Gicquel<\/li>\n<\/ul>\n<\/li>\n<li>Coll\u00e8ge des Soci\u00e9t\u00e9s de Services :\n<ul>\n<li>BM&amp;A, repr\u00e9sent\u00e9e par Romane Maguet<\/li>\n<li>Regnology repr\u00e9sent\u00e9e par Antoine Bourdais<\/li>\n<li>SBS, repr\u00e9sent\u00e9 par Julien B\u00e9ruti<\/li>\n<li>UBPartner, repr\u00e9sent\u00e9e par Pierre-Fran\u00e7ois Vienne<\/li>\n<\/ul>\n<\/li>\n<\/ul>\n<p>Le bureau est compos\u00e9 de :<\/p>\n<ul>\n<li>Bruno Tesni\u00e8re, Pr\u00e9sident, repr\u00e9sentant la Compagnie Nationale des Commissaires aux Comptes<\/li>\n<li>Vincent Le Moal-Joubel, Vice-Pr\u00e9sident repr\u00e9sentant la Banque de France<\/li>\n<li>Dominique P\u00e9rier, Tr\u00e9sorier, repr\u00e9sentant le Conseil Sup\u00e9rieur de l&#8217;Ordre des Experts-Comptables<\/li>\n<li>\u00c9ric Jarry, Pr\u00e9sident Honoraire<\/li>\n<\/ul>\n","protected":false},"excerpt":{"rendered":"<p>Depuis l&#8217;Assembl\u00e9e G\u00e9n\u00e9rale du 26 juin 2025, le Conseil d&#8217;Administration est compos\u00e9 de 11 membres comme suit : Coll\u00e8ge des Institutions : Compagnie Nationale des Commissaires aux Comptes (CNCC), repr\u00e9sent\u00e9e par Bruno Tesni\u00e8re Conseil Sup\u00e9rieur de l&#8217;Ordre des Experts-Comptables (CSOEC), repr\u00e9sent\u00e9 par Dominique Perier Banque de France, repr\u00e9sent\u00e9e par Vincent Le Moal-Joubel Coll\u00e8ge des Utilisateurs [&hellip;]<\/p>\n","protected":false},"author":1,"featured_media":0,"parent":15,"menu_order":32,"comment_status":"open","ping_status":"open","template":"","meta":{"footnotes":""},"tags":[],"class_list":["post-21","page","type-page","status-publish","hentry"],"_links":{"self":[{"href":"https:\/\/www.xbrlfrance.org\/index.php?rest_route=\/wp\/v2\/pages\/21","targetHints":{"allow":["GET"]}}],"collection":[{"href":"https:\/\/www.xbrlfrance.org\/index.php?rest_route=\/wp\/v2\/pages"}],"about":[{"href":"https:\/\/www.xbrlfrance.org\/index.php?rest_route=\/wp\/v2\/types\/page"}],"author":[{"embeddable":true,"href":"https:\/\/www.xbrlfrance.org\/index.php?rest_route=\/wp\/v2\/users\/1"}],"replies":[{"embeddable":true,"href":"https:\/\/www.xbrlfrance.org\/index.php?rest_route=%2Fwp%2Fv2%2Fcomments&post=21"}],"version-history":[{"count":23,"href":"https:\/\/www.xbrlfrance.org\/index.php?rest_route=\/wp\/v2\/pages\/21\/revisions"}],"predecessor-version":[{"id":3614,"href":"https:\/\/www.xbrlfrance.org\/index.php?rest_route=\/wp\/v2\/pages\/21\/revisions\/3614"}],"up":[{"embeddable":true,"href":"https:\/\/www.xbrlfrance.org\/index.php?rest_route=\/wp\/v2\/pages\/15"}],"wp:attachment":[{"href":"https:\/\/www.xbrlfrance.org\/index.php?rest_route=%2Fwp%2Fv2%2Fmedia&parent=21"}],"wp:term":[{"taxonomy":"post_tag","embeddable":true,"href":"https:\/\/www.xbrlfrance.org\/index.php?rest_route=%2Fwp%2Fv2%2Ftags&post=21"}],"curies":[{"name":"wp","href":"https:\/\/api.w.org\/{rel}","templated":true}]}}