{"id":23,"date":"2013-03-19T17:24:15","date_gmt":"2013-03-19T16:24:15","guid":{"rendered":"http:\/\/web.xbrlfrance.org\/?p=23"},"modified":"2020-10-26T16:36:58","modified_gmt":"2020-10-26T15:36:58","slug":"membres","status":"publish","type":"page","link":"https:\/\/www.xbrlfrance.org\/?page_id=23","title":{"rendered":"Pourquoi adh\u00e9rer ?"},"content":{"rendered":"<p><strong>Pourquoi \u00eatre Membre de XBRL France ?<\/strong><\/p>\n<p>Adh\u00e9rer \u00e0 XBRL France, c\u2019est participer activement aux d\u00e9veloppements technologiques initi\u00e9s et r\u00e9alis\u00e9s par l\u2019association et au-del\u00e0, c\u2019est se donner la possibilit\u00e9 de pouvoir identifier les opportunit\u00e9s g\u00e9n\u00e9r\u00e9es par la mise en place du standard XBRL au sein des entreprises et des institutions.<\/p>\n<p>L\u2019adh\u00e9sion est ouverte \u00e0 toute organisation ou entit\u00e9, ind\u00e9pendamment de sa taille, ainsi qu\u2019aux personnes physiques et universitaires, chercheurs, ind\u00e9pendants &#8230;<\/p>\n<p>La participation aux activit\u00e9s de l\u2019association XBRL France permet \u00e0 ses membres d\u2019\u00eatre identifi\u00e9s comme des acteurs novateurs, leaders et efficaces.<\/p>\n<p>L\u2019adh\u00e9sion \u00e0 notre association donne acc\u00e8s au consortium XBRL international qui est, comme l\u2019association, une organisation sans but lucratif. La cotisation est annuelle et correspond au financement des travaux de d\u00e9veloppement et de marketing du consortium.<\/p>\n<p>Etre membre de l\u2019Association XBRL France permet de :<\/p>\n<ul>\n<li>Participer aux projets men\u00e9s au sein des groupes de travail, d\u2019anticiper par l\u00e0 m\u00eame les \u00e9volutions technologiques \u00e0 venir et de s\u2019assurer que les d\u00e9veloppements envisag\u00e9s correspondent effectivement aux priorit\u00e9s et aux besoins du march\u00e9. Les avantages concurrentiels sont significatifs.<\/li>\n<li>Etre inform\u00e9, d\u00e8s leur initiation et avant le public, des projets de mise en \u0153uvre et d\u2019utilisation du langage XBRL \u00e0 travers le monde, que ce soit au niveau des organisations, des gouvernements, des r\u00e9gulateurs ou des consommateurs, ce qui permet d\u2019anticiper les demandes \u00e0 moyen terme des march\u00e9s fran\u00e7ais et internationaux.<\/li>\n<li>Avoir acc\u00e8s aux versions provisoires des sp\u00e9cifications, taxonomies et autres documents techniques au fur et \u00e0 mesure de leur d\u00e9veloppement<\/li>\n<li>Participer aux r\u00e9unions internes de l\u2019association<\/li>\n<li>Participer aux groupes d\u2019\u00e9changes \u00e9lectroniques, vecteur de diffusion des toutes derni\u00e8res actualit\u00e9s mondiales parues sur le langage XBRL<\/li>\n<li>B\u00e9n\u00e9ficier de formations techniques \u00e0 prix r\u00e9duit ainsi que des conseils pratiques d\u00e9livr\u00e9s par les meilleurs experts du sujet<\/li>\n<li>Etre en contact direct avec les fournisseurs d\u2019applications XBRL et b\u00e9n\u00e9ficier, de fait, de conditions avantageuses pour acc\u00e9der aux outils sp\u00e9cifiques<\/li>\n<li>Cr\u00e9er des liens avec d\u2019autres membres de l\u2019association, identifiant des int\u00e9r\u00eats communs et des partenariats possibles ainsi qu\u2019avec les principaux organismes, y compris des corps gouvernementaux et des associations d\u2019industrie.<\/li>\n<\/ul>\n<p>Adh\u00e9rer \u00e0 XBRL France, c\u2019est \u00e9galement trouver un partenaire actif pour promouvoir son expertise et communiquer sur l\u2019avancement de ses travaux \u00e0 l\u2019ensemble des acteurs de la Place.<\/p>\n<p>D\u2019un point de vue marketing, \u00eatre membre d\u2019XBRL France c\u2019est avoir la possibilit\u00e9 de :<\/p>\n<ul>\n<li>Pr\u00e9senter et d\u00e9montrer ses produits gr\u00e2ce \u00e0 des \u00e9v\u00e8nements organis\u00e9s sp\u00e9cialement par l\u2019association (petits d\u00e9jeuners, conf\u00e9rences, tables rondes)<\/li>\n<li>Profiter du service communication de l\u2019association qui conseille, formalise et organise l\u2019ensemble des actions marketing men\u00e9es par ses membres en son sein<\/li>\n<li>B\u00e9n\u00e9ficier de toute la logistique n\u00e9cessaire \u00e0 l\u2019organisation des \u00e9v\u00e8nements (lieu, envoi d\u2019invitations, communiqu\u00e9s de presse, accueil et mise en place sur site) mise \u00e0 la disposition des membres par l\u2019association<\/li>\n<li>Acc\u00e9der \u00e0 un fichier de pr\u00e8s de 800 journalistes de la presse \u00e9conomique et financi\u00e8re qui relaieront vos informations \u00e0 travers la presse print et online<\/li>\n<li>Communiquer sur son expertise gr\u00e2ce \u00e0 des articles, des interviews ou des publicit\u00e9s publi\u00e9es dans la lettre d\u2019information XBRL France, envoy\u00e9e chaque trimestre \u00e0 pr\u00e8s de 3000 lecteurs.<\/li>\n<\/ul>\n<p><strong>Comment devenir Membre de XBRL France ?<\/strong><\/p>\n<p>En remplissant le <a href=\"https:\/\/www.xbrlfrance.org\/wp-content\/uploads\/2020\/10\/bulletin_adhesion_2020_10_xbrlfrance.docx\">bulletin d&#8217;adh\u00e9sion<\/a> et en le renvoyant sign\u00e9 par <a href=\"mailto:corinne.laurie@xbrlfrance.org\">email<\/a> de pr\u00e9f\u00e9rence ou \u00e0 XBRL France, 200-216 rue Raymond Losserand, 75014 PARIS.<\/p>\n","protected":false},"excerpt":{"rendered":"<p>Pourquoi \u00eatre Membre de XBRL France ? Adh\u00e9rer \u00e0 XBRL France, c\u2019est participer activement aux d\u00e9veloppements technologiques initi\u00e9s et r\u00e9alis\u00e9s par l\u2019association et au-del\u00e0, c\u2019est se donner la possibilit\u00e9 de pouvoir identifier les opportunit\u00e9s g\u00e9n\u00e9r\u00e9es par la mise en place du standard XBRL au sein des entreprises et des institutions. L\u2019adh\u00e9sion est ouverte \u00e0 toute [&hellip;]<\/p>\n","protected":false},"author":1,"featured_media":0,"parent":24,"menu_order":18,"comment_status":"open","ping_status":"closed","template":"","meta":{"footnotes":""},"tags":[],"class_list":["post-23","page","type-page","status-publish","hentry"],"_links":{"self":[{"href":"https:\/\/www.xbrlfrance.org\/index.php?rest_route=\/wp\/v2\/pages\/23","targetHints":{"allow":["GET"]}}],"collection":[{"href":"https:\/\/www.xbrlfrance.org\/index.php?rest_route=\/wp\/v2\/pages"}],"about":[{"href":"https:\/\/www.xbrlfrance.org\/index.php?rest_route=\/wp\/v2\/types\/page"}],"author":[{"embeddable":true,"href":"https:\/\/www.xbrlfrance.org\/index.php?rest_route=\/wp\/v2\/users\/1"}],"replies":[{"embeddable":true,"href":"https:\/\/www.xbrlfrance.org\/index.php?rest_route=%2Fwp%2Fv2%2Fcomments&post=23"}],"version-history":[{"count":6,"href":"https:\/\/www.xbrlfrance.org\/index.php?rest_route=\/wp\/v2\/pages\/23\/revisions"}],"predecessor-version":[{"id":1254,"href":"https:\/\/www.xbrlfrance.org\/index.php?rest_route=\/wp\/v2\/pages\/23\/revisions\/1254"}],"up":[{"embeddable":true,"href":"https:\/\/www.xbrlfrance.org\/index.php?rest_route=\/wp\/v2\/pages\/24"}],"wp:attachment":[{"href":"https:\/\/www.xbrlfrance.org\/index.php?rest_route=%2Fwp%2Fv2%2Fmedia&parent=23"}],"wp:term":[{"taxonomy":"post_tag","embeddable":true,"href":"https:\/\/www.xbrlfrance.org\/index.php?rest_route=%2Fwp%2Fv2%2Ftags&post=23"}],"curies":[{"name":"wp","href":"https:\/\/api.w.org\/{rel}","templated":true}]}}