{"id":2337,"date":"2023-11-15T15:53:01","date_gmt":"2023-11-15T14:53:01","guid":{"rendered":"https:\/\/www.xbrlfrance.org\/?page_id=2337"},"modified":"2023-11-16T17:01:40","modified_gmt":"2023-11-16T16:01:40","slug":"formation-oim-xbrl-csv","status":"publish","type":"page","link":"https:\/\/www.xbrlfrance.org\/?page_id=2337","title":{"rendered":"Formation OIM &#8211; xBRL-CSV"},"content":{"rendered":"\n<p>Le mod\u00e8le OIM et xBRL-CSV pour la supervision des banques et des assurances<\/p>\n\n\n\n\n\n<p><strong>Objectifs de la formation<\/strong><\/p>\n\n\n\n<p><\/p>\n\n\n\n<ul class=\"wp-block-list\">\n<li>Comprendre le principe de l\u2019OIM, mod\u00e8le de XBRL qui s\u2019abstrait de la syntaxe XML du XBRL traditionnel et ma\u00eetriser sa mise en \u0153uvre xBRL-CSV qui va \u00eatre utilis\u00e9e pour les remises des supervision banques et assurances en Europe.<\/li>\n\n\n\n<li>Comprendre la syntaxe JSON utilis\u00e9e pour d\u00e9crire les remises xBRL-CSV<\/li>\n\n\n\n<li>Comprendre les fichiers de configuration xBRL-CSV introduits par l\u2019EBA dans ses taxonomies.<\/li>\n\n\n\n<li>Pouvoir g\u00e9n\u00e9rer ou analyser des remises xBRL-CSV et dialoguer avec le superviseur en cas de probl\u00e8me.<\/li>\n<\/ul>\n\n\n\n<p><strong>Description<\/strong><\/p>\n\n\n\n<p>1 &#8211; OIM<\/p>\n\n\n\n<p>Pourquoi  OIM, historique, les syntaxes support\u00e9es, limitations par rapport \u00e0 XBRL 2.1, le mod\u00e8le, les groupes de liens, les SQNames, les unit\u00e9s, les caract\u00e9ristiques temporelles<\/p>\n\n\n\n<p>2 &#8211; JSON (utilis\u00e9 dans les m\u00e9tadonn\u00e9es pour xBRL-CSV<\/p>\n\n\n\n<p>Historique, grammaire.<\/p>\n\n\n\n<p>3 &#8211; xBRL -CSV<\/p>\n\n\n\n<p>Qu\u2019est ce que xBRL-CSV, format des fichiers, m\u00e9tadonn\u00e9es JSON, informations globales, description des \u00e9tats, liens vers les fichiers de donn\u00e9es, traitement des doublons, mises en commun, extension des m\u00e9tadonn\u00e9es par le remettant, identification des lignes, param\u00e8tres, colonnes \u00e0 contenu variable, mode tableau et mode, probl\u00e9matique des dates, probl\u00e9matique de la pr\u00e9cision, valeurs particuli\u00e8res, indicateurs de remise, identification des donn\u00e9es, footnotes, analyse des m\u00e9tadonn\u00e9es relatives \u00e0 xBRL-CSV dans la taxonomie, le d\u00e9veloppement des taxonomies en JSON : Core Taxonomy Information<\/p>\n\n\n\n<p><strong>Prochaines dates<\/strong><br>1 jour \u2013 \u00e0 la demande \u2013 nous consulter<\/p>\n\n\n\n<p><strong>Formateur<\/strong><br><a href=\"http:\/\/web.xbrlfrance.org\/?page_id=946\">Eric Jarry<\/a>,<br>ancien responsable du p\u00f4le XBRL de la Banque de France, pr\u00e9sident honoraire de XBRL France<\/p>\n\n\n\n<p><strong>Tarifs<\/strong><br>Membre XBRL : 1 000\u20ac HT<br>(1 200\u20ac TTC)<br>Non membre : 1.200\u20ac HT<br>(1 440\u20ac TTC)<\/p>\n\n\n\n<p><strong>Lieu<\/strong><br>Paris ou sur site<\/p>\n\n\n\n<p><strong>Contact<\/strong><br>Corinne Laurie<br>T\u00e9l : 01 47 50 00 50 \u2013<br>06 32 24 66 39<br>Email :&nbsp;<a href=\"mailto:corinne.laurie@xbrlfrance.org\">corinne.laurie@xbrlfrance.org<\/a><\/p>\n\n\n\n<hr class=\"wp-block-separator has-alpha-channel-opacity\"\/>\n\n\n\n<p><strong>A qui s\u2019adresse cette formation ?<\/strong><\/p>\n\n\n\n<p>Toute personne susceptible d\u2019\u00eatre confront\u00e9 \u00e0 la technologie XBRL : urbanistes, architectes, chefs de projet, d\u00e9veloppeurs, intervenants dans le reporting\u2026<\/p>\n\n\n\n<hr class=\"wp-block-separator has-alpha-channel-opacity\"\/>\n\n\n\n<p><\/p>\n","protected":false},"excerpt":{"rendered":"<p>Le mod\u00e8le OIM et xBRL-CSV pour la supervision des banques et des assurances Objectifs de la formation Description 1 &#8211; OIM Pourquoi OIM, historique, les syntaxes support\u00e9es, limitations par rapport \u00e0 XBRL 2.1, le mod\u00e8le, les groupes de liens, les SQNames, les unit\u00e9s, les caract\u00e9ristiques temporelles 2 &#8211; JSON (utilis\u00e9 dans les m\u00e9tadonn\u00e9es pour xBRL-CSV [&hellip;]<\/p>\n","protected":false},"author":1,"featured_media":0,"parent":0,"menu_order":0,"comment_status":"closed","ping_status":"closed","template":"","meta":{"footnotes":""},"tags":[],"class_list":["post-2337","page","type-page","status-publish","hentry"],"_links":{"self":[{"href":"https:\/\/www.xbrlfrance.org\/index.php?rest_route=\/wp\/v2\/pages\/2337","targetHints":{"allow":["GET"]}}],"collection":[{"href":"https:\/\/www.xbrlfrance.org\/index.php?rest_route=\/wp\/v2\/pages"}],"about":[{"href":"https:\/\/www.xbrlfrance.org\/index.php?rest_route=\/wp\/v2\/types\/page"}],"author":[{"embeddable":true,"href":"https:\/\/www.xbrlfrance.org\/index.php?rest_route=\/wp\/v2\/users\/1"}],"replies":[{"embeddable":true,"href":"https:\/\/www.xbrlfrance.org\/index.php?rest_route=%2Fwp%2Fv2%2Fcomments&post=2337"}],"version-history":[{"count":4,"href":"https:\/\/www.xbrlfrance.org\/index.php?rest_route=\/wp\/v2\/pages\/2337\/revisions"}],"predecessor-version":[{"id":2348,"href":"https:\/\/www.xbrlfrance.org\/index.php?rest_route=\/wp\/v2\/pages\/2337\/revisions\/2348"}],"wp:attachment":[{"href":"https:\/\/www.xbrlfrance.org\/index.php?rest_route=%2Fwp%2Fv2%2Fmedia&parent=2337"}],"wp:term":[{"taxonomy":"post_tag","embeddable":true,"href":"https:\/\/www.xbrlfrance.org\/index.php?rest_route=%2Fwp%2Fv2%2Ftags&post=2337"}],"curies":[{"name":"wp","href":"https:\/\/api.w.org\/{rel}","templated":true}]}}