{"id":24,"date":"2013-03-19T17:28:25","date_gmt":"2013-03-19T16:28:25","guid":{"rendered":"http:\/\/web.xbrlfrance.org\/?p=24"},"modified":"2026-03-28T20:21:38","modified_gmt":"2026-03-28T19:21:38","slug":"liste-des-membres","status":"publish","type":"page","link":"https:\/\/www.xbrlfrance.org\/?page_id=24","title":{"rendered":"Membres"},"content":{"rendered":"<p>L&#8217;association compte \u00e0 ce jour les membres adh\u00e9rents actifs suivants :<\/p>\n<p><span class=\"ver8pt1_5line\"><strong>LES INSTITUTIONNELS<br \/>\n<\/strong><\/span><\/p>\n<ul>\n<li><strong><a href=\"http:\/\/acpr.banque-france.fr\/accueil.html\" target=\"_blank\" rel=\"noopener noreferrer\">ACPR &#8211; Banque de France <\/a><\/strong><\/li>\n<li><strong><a href=\"http:\/\/www.cncc.fr\/\" target=\"_blank\" rel=\"noopener noreferrer\">Compagnie Nationale des Commissaires aux Comptes<\/a><\/strong><\/li>\n<li><strong><a href=\"http:\/\/www.experts-comptables.fr\/\" target=\"_blank\" rel=\"noopener noreferrer\">Conseil national de l\u2019Ordre des Experts Comptables<\/a><\/strong><\/li>\n<\/ul>\n<p><span class=\"ver8pt1_5line\"><strong>XBRL FRANCE ET SES MEMBRES &#8220;PREMIUM&#8221;<\/strong><\/span><\/p>\n<ul>\n<li><strong><a href=\"https:\/\/www2.deloitte.com\/fr\/fr\/pages\/home.html\">DELOITTE<\/a><\/strong><\/li>\n<li><strong><a href=\"http:\/\/www.ey.com\">EY &amp; Associ\u00e9s<\/a><\/strong><\/li>\n<li><a href=\"http:\/\/www.kpmg.fr\"><strong>KPMG<\/strong><\/a><\/li>\n<li><a href=\"https:\/\/www.moodys.com\/\"><strong>MOODY&#8217;S ANALYTICS<\/strong><\/a><\/li>\n<li><a href=\"https:\/\/www.regnology.net\/fr\/\"><strong>REGNOLOGY<\/strong><\/a><\/li>\n<li><a href=\"http:\/\/www.sbs-software.com\"><b>SBS<\/b><\/a><\/li>\n<li><a href=\"https:\/\/www.talentia-software.com\/\"><strong>TALENTIA SOFTWARE<\/strong><\/a><\/li>\n<\/ul>\n<p><span class=\"ver8pt1_5line\"><strong>LES SOCI\u00c9T\u00c9S DE SERVICES ET LES UTILISATEURS<br \/>\n<\/strong><\/span><\/p>\n<ul>\n<li><a href=\"https:\/\/www.acsone.eu\/\"><strong>ACSONE<\/strong><\/a><\/li>\n<li><a href=\"http:\/\/www.amelkis-solutions.com\"><strong>AMELKIS<\/strong><\/a><\/li>\n<li><a href=\"https:\/\/www.batt.eu\/\"><strong>BATT ADVISORS<\/strong><\/a><\/li>\n<li><strong><a href=\"http:\/\/www.bma-groupe.com\">BM&amp;A<\/a><\/strong><\/li>\n<li><a href=\"https:\/\/www.cofisem.com\/fr\/\"><strong>COFISEM<\/strong><\/a><\/li>\n<li><strong><a href=\"https:\/\/www.corporatings.com\/\">CORPORATINGS<\/a><\/strong><\/li>\n<li><strong><a href=\"https:\/\/web.ctrlprint.net\/\">CTRLPRINT<\/a><\/strong><\/li>\n<li><a href=\"https:\/\/XBRL.express\"><strong>DILIGENCE SOFTWARE SAM<\/strong><\/a><\/li>\n<li><strong>DISCLO CONSULTING<\/strong><\/li>\n<li><strong><a href=\"https:\/\/www.duckcreek.com\/\">DUCK CREEK<\/a><\/strong><\/li>\n<li><strong><a href=\"http:\/\/www.edificas.fr\/\" target=\"_blank\" rel=\"noopener noreferrer\">EDIFICAS<\/a><\/strong><\/li>\n<li><strong><a href=\"http:\/\/www.eifr.eu\/\">EIFR<\/a><\/strong><\/li>\n<li><strong><a href=\"https:\/\/etxetera.com\/\" target=\"_blank\" rel=\"noopener noreferrer\">etXetera<\/a><\/strong><\/li>\n<li><strong><a title=\"\" href=\"https:\/\/www.grantthornton.fr\/fr\/service\/conseil-operationnel\/risk-management\/\" target=\"_blank\" rel=\"noopener noreferrer\">Grant Thornton Risk Management <\/a><\/strong><\/li>\n<li><a href=\"http:\/\/groupama.fr\"><strong>Groupama<\/strong><\/a><\/li>\n<li><strong><a href=\"https:\/\/www.labrador-transparency.com\/\">LABRADOR<\/a><\/strong><\/li>\n<li><strong><a href=\"http:\/\/www.lendys.fr\/\">LENDYS<\/a><\/strong><\/li>\n<li><strong><a href=\"https:\/\/www.pomelo-paradigm.com\">POMELO-PARADIGM<\/a><\/strong><\/li>\n<li><strong><a href=\"http:\/\/www.pwc.fr\/\" target=\"_blank\" rel=\"noopener noreferrer\">PricewaterhouseCoopers<\/a><\/strong><\/li>\n<li><strong><a href=\"http:\/\/www.societegenerale.fr\/\" target=\"_blank\" rel=\"noopener noreferrer\">SOCIETE GENERALE<\/a><\/strong><\/li>\n<li><strong><a href=\"http:\/\/www.ubpartner.fr\/\" target=\"_blank\" rel=\"noopener noreferrer\">UB PARTNER<\/a><\/strong><\/li>\n<li><a href=\"https:\/\/www.temenos.com\/?utm_source=signature&amp;utm_medium=email&amp;utm_campaign=new-signature&amp;utm_content=email\"><strong>VIVEO<\/strong><\/a><\/li>\n<\/ul>\n<p><span class=\"ver8pt1_5line\"><strong>INDIVIDUELS<br \/>\n<\/strong><\/span><\/p>\n<ul>\n<li>David Bell<\/li>\n<li>Marc Houllier<\/li>\n<\/ul>\n","protected":false},"excerpt":{"rendered":"<p>L&#8217;association compte \u00e0 ce jour les membres adh\u00e9rents actifs suivants : LES INSTITUTIONNELS ACPR &#8211; Banque de France Compagnie Nationale des Commissaires aux Comptes Conseil national de l\u2019Ordre des Experts Comptables XBRL FRANCE ET SES MEMBRES &#8220;PREMIUM&#8221; DELOITTE EY &amp; Associ\u00e9s KPMG MOODY&#8217;S ANALYTICS REGNOLOGY SBS TALENTIA SOFTWARE LES SOCI\u00c9T\u00c9S DE SERVICES ET LES UTILISATEURS [&hellip;]<\/p>\n","protected":false},"author":1,"featured_media":0,"parent":2,"menu_order":10,"comment_status":"open","ping_status":"closed","template":"","meta":{"footnotes":""},"tags":[],"class_list":["post-24","page","type-page","status-publish","hentry"],"_links":{"self":[{"href":"https:\/\/www.xbrlfrance.org\/index.php?rest_route=\/wp\/v2\/pages\/24","targetHints":{"allow":["GET"]}}],"collection":[{"href":"https:\/\/www.xbrlfrance.org\/index.php?rest_route=\/wp\/v2\/pages"}],"about":[{"href":"https:\/\/www.xbrlfrance.org\/index.php?rest_route=\/wp\/v2\/types\/page"}],"author":[{"embeddable":true,"href":"https:\/\/www.xbrlfrance.org\/index.php?rest_route=\/wp\/v2\/users\/1"}],"replies":[{"embeddable":true,"href":"https:\/\/www.xbrlfrance.org\/index.php?rest_route=%2Fwp%2Fv2%2Fcomments&post=24"}],"version-history":[{"count":96,"href":"https:\/\/www.xbrlfrance.org\/index.php?rest_route=\/wp\/v2\/pages\/24\/revisions"}],"predecessor-version":[{"id":3808,"href":"https:\/\/www.xbrlfrance.org\/index.php?rest_route=\/wp\/v2\/pages\/24\/revisions\/3808"}],"up":[{"embeddable":true,"href":"https:\/\/www.xbrlfrance.org\/index.php?rest_route=\/wp\/v2\/pages\/2"}],"wp:attachment":[{"href":"https:\/\/www.xbrlfrance.org\/index.php?rest_route=%2Fwp%2Fv2%2Fmedia&parent=24"}],"wp:term":[{"taxonomy":"post_tag","embeddable":true,"href":"https:\/\/www.xbrlfrance.org\/index.php?rest_route=%2Fwp%2Fv2%2Ftags&post=24"}],"curies":[{"name":"wp","href":"https:\/\/api.w.org\/{rel}","templated":true}]}}