{"id":268,"date":"2016-10-06T20:07:50","date_gmt":"2016-10-06T18:07:50","guid":{"rendered":"http:\/\/web.xbrlfrance.org\/?p=268"},"modified":"2025-11-26T11:25:16","modified_gmt":"2025-11-26T10:25:16","slug":"groupe-de-travail-banque","status":"publish","type":"page","link":"https:\/\/www.xbrlfrance.org\/?page_id=268","title":{"rendered":"Groupe de Travail Banque"},"content":{"rendered":"<p><strong>Prochaines r\u00e9unions : <\/strong><\/p>\n<ul>\n<li>Premier trimestre 2026<\/li>\n<\/ul>\n<hr \/>\n<p><strong>Origine et constitution<\/strong><\/p>\n<p>Co-Animateurs :<br \/>\n&#8211; Vincent Le Moal Joubel &#8211; ACPR \/ Banque de France<\/p>\n<p>&#8211; Lucie Hussonnois &#8211; ACPR \/ Banque de France<\/p>\n<p>&#8211; Jean-Marie Trespaille &#8211; Invoke<\/p>\n<p><strong>Organisation<\/strong><\/p>\n<p>Les documents de travail sont pr\u00e9par\u00e9s dans un <a href=\"http:\/\/www.xbrlfrance.org\/?page_id=575\">espace de travail r\u00e9serv\u00e9<\/a> aux membres du GT<\/p>\n<p><strong>Objectif des r\u00e9unions<\/strong><\/p>\n<p><strong>Ouvert \u00e0 tous les membres<\/strong><\/p>\n<p>Les membres de XBRL France sont invit\u00e9s \u00e0 s\u2019inscrire au groupe de travail. Ils sont \u00e9galement convi\u00e9s \u00e0 poser par mail les sujets qu\u2019ils voudraient voir traiter aux co-animateurs.<\/p>\n<p><strong>Espace de travail<\/strong><\/p>\n<p>Certains documents ne sont accessibles qu\u2019aux membres enregistr\u00e9s : <a href=\"http:\/\/www.xbrlfrance.org\/?page_id=575\">acc\u00e9der<\/a><br \/>\nMot de passe perdu :\u00a0<a href=\"https:\/\/www.xbrlfrance.org\/wp-login.php?action=lostpassword\">acc\u00e9der<\/a><\/p>\n","protected":false},"excerpt":{"rendered":"<p>Prochaines r\u00e9unions : Premier trimestre 2026 Origine et constitution Co-Animateurs : &#8211; Vincent Le Moal Joubel &#8211; ACPR \/ Banque de France &#8211; Lucie Hussonnois &#8211; ACPR \/ Banque de France &#8211; Jean-Marie Trespaille &#8211; Invoke Organisation Les documents de travail sont pr\u00e9par\u00e9s dans un espace de travail r\u00e9serv\u00e9 aux membres du GT Objectif des [&hellip;]<\/p>\n","protected":false},"author":1,"featured_media":0,"parent":27,"menu_order":2,"comment_status":"open","ping_status":"open","template":"","meta":{"footnotes":""},"tags":[],"class_list":["post-268","page","type-page","status-publish","hentry"],"_links":{"self":[{"href":"https:\/\/www.xbrlfrance.org\/index.php?rest_route=\/wp\/v2\/pages\/268","targetHints":{"allow":["GET"]}}],"collection":[{"href":"https:\/\/www.xbrlfrance.org\/index.php?rest_route=\/wp\/v2\/pages"}],"about":[{"href":"https:\/\/www.xbrlfrance.org\/index.php?rest_route=\/wp\/v2\/types\/page"}],"author":[{"embeddable":true,"href":"https:\/\/www.xbrlfrance.org\/index.php?rest_route=\/wp\/v2\/users\/1"}],"replies":[{"embeddable":true,"href":"https:\/\/www.xbrlfrance.org\/index.php?rest_route=%2Fwp%2Fv2%2Fcomments&post=268"}],"version-history":[{"count":27,"href":"https:\/\/www.xbrlfrance.org\/index.php?rest_route=\/wp\/v2\/pages\/268\/revisions"}],"predecessor-version":[{"id":3615,"href":"https:\/\/www.xbrlfrance.org\/index.php?rest_route=\/wp\/v2\/pages\/268\/revisions\/3615"}],"up":[{"embeddable":true,"href":"https:\/\/www.xbrlfrance.org\/index.php?rest_route=\/wp\/v2\/pages\/27"}],"wp:attachment":[{"href":"https:\/\/www.xbrlfrance.org\/index.php?rest_route=%2Fwp%2Fv2%2Fmedia&parent=268"}],"wp:term":[{"taxonomy":"post_tag","embeddable":true,"href":"https:\/\/www.xbrlfrance.org\/index.php?rest_route=%2Fwp%2Fv2%2Ftags&post=268"}],"curies":[{"name":"wp","href":"https:\/\/api.w.org\/{rel}","templated":true}]}}