{"id":27,"date":"2013-03-19T17:29:56","date_gmt":"2013-03-19T16:29:56","guid":{"rendered":"http:\/\/web.xbrlfrance.org\/?p=27"},"modified":"2025-04-03T16:48:24","modified_gmt":"2025-04-03T14:48:24","slug":"groupes-de-travail","status":"publish","type":"page","link":"https:\/\/www.xbrlfrance.org\/?page_id=27","title":{"rendered":"Groupes de travail"},"content":{"rendered":"<p align=\"justify\">Les groupes de travail suivants ont \u00e9t\u00e9 constitu\u00e9s :<\/p>\n<ul>\n<li><a href=\"http:\/\/www.xbrlfrance.org\/?page_id=74\">Groupe Assurance<\/a><\/li>\n<li><a href=\"http:\/\/www.xbrlfrance.org\/?page_id=268\">Groupe Banque<\/a><\/li>\n<li><a href=\"https:\/\/www.xbrlfrance.org\/?page_id=1469\">Groupe Mapping ESEF<\/a><\/li>\n<li><a href=\"https:\/\/www.xbrlfrance.org\/?page_id=2821\">Groupe ESG\/Durabilit\u00e9<\/a><\/li>\n<li>Groupe Utilisation des donn\u00e9es<\/li>\n<\/ul>\n<p align=\"justify\">Ils sont actifs suivant un calendrier de r\u00e9union annonc\u00e9 \u00e0 l&#8217;avance sur ce m\u00eame site.<\/p>\n<p align=\"justify\">Consultez aussi le focus <a href=\"https:\/\/www.xbrlfrance.org\/?page_id=1402\">XBRL pour IFD\/IFR<\/a> et l&#8217;<a href=\"https:\/\/www.xbrlfrance.org\/?page_id=1312\">actualit\u00e9 des membres<\/a> !<\/p>\n\n","protected":false},"excerpt":{"rendered":"<p>Les groupes de travail suivants ont \u00e9t\u00e9 constitu\u00e9s : Groupe Assurance Groupe Banque Groupe Mapping ESEF Groupe ESG\/Durabilit\u00e9 Groupe Utilisation des donn\u00e9es Ils sont actifs suivant un calendrier de r\u00e9union annonc\u00e9 \u00e0 l&#8217;avance sur ce m\u00eame site. Consultez aussi le focus XBRL pour IFD\/IFR et l&#8217;actualit\u00e9 des membres !<\/p>\n","protected":false},"author":1,"featured_media":0,"parent":421,"menu_order":10,"comment_status":"open","ping_status":"open","template":"","meta":{"footnotes":""},"tags":[],"class_list":["post-27","page","type-page","status-publish","hentry"],"_links":{"self":[{"href":"https:\/\/www.xbrlfrance.org\/index.php?rest_route=\/wp\/v2\/pages\/27","targetHints":{"allow":["GET"]}}],"collection":[{"href":"https:\/\/www.xbrlfrance.org\/index.php?rest_route=\/wp\/v2\/pages"}],"about":[{"href":"https:\/\/www.xbrlfrance.org\/index.php?rest_route=\/wp\/v2\/types\/page"}],"author":[{"embeddable":true,"href":"https:\/\/www.xbrlfrance.org\/index.php?rest_route=\/wp\/v2\/users\/1"}],"replies":[{"embeddable":true,"href":"https:\/\/www.xbrlfrance.org\/index.php?rest_route=%2Fwp%2Fv2%2Fcomments&post=27"}],"version-history":[{"count":14,"href":"https:\/\/www.xbrlfrance.org\/index.php?rest_route=\/wp\/v2\/pages\/27\/revisions"}],"predecessor-version":[{"id":3303,"href":"https:\/\/www.xbrlfrance.org\/index.php?rest_route=\/wp\/v2\/pages\/27\/revisions\/3303"}],"up":[{"embeddable":true,"href":"https:\/\/www.xbrlfrance.org\/index.php?rest_route=\/wp\/v2\/pages\/421"}],"wp:attachment":[{"href":"https:\/\/www.xbrlfrance.org\/index.php?rest_route=%2Fwp%2Fv2%2Fmedia&parent=27"}],"wp:term":[{"taxonomy":"post_tag","embeddable":true,"href":"https:\/\/www.xbrlfrance.org\/index.php?rest_route=%2Fwp%2Fv2%2Ftags&post=27"}],"curies":[{"name":"wp","href":"https:\/\/api.w.org\/{rel}","templated":true}]}}