{"id":2821,"date":"2024-06-27T15:29:01","date_gmt":"2024-06-27T13:29:01","guid":{"rendered":"https:\/\/www.xbrlfrance.org\/?page_id=2821"},"modified":"2024-07-30T16:09:46","modified_gmt":"2024-07-30T14:09:46","slug":"groupe-de-travail-durabilite-esg","status":"publish","type":"page","link":"https:\/\/www.xbrlfrance.org\/?page_id=2821","title":{"rendered":"Groupe de travail ESG\/Durabilit\u00e9"},"content":{"rendered":"\n<table>\n<tbody>\n<tr>\n<td>\n<p>Initi\u00e9 en octobre 2023, le groupe de travail ESRS a \u00e9t\u00e9 form\u00e9 pour rassembler toutes les parties prenantes (\u00e9metteurs, auditeurs, utilisateurs et \u00e9diteurs) autour des sujets d&#8217;impl\u00e9mentation en XBRL de rapports utilisant la taxonomie XBRL ESRS, qui contient la repr\u00e9sentation num\u00e9rique des normes ESRS et de l&#8217;Article 8 de la R\u00e9glementation Taxonomie.<\/p>\n<p>Les premiers objectifs du groupe sont :<\/p>\n<ul>\n<li>de discuter de l&#8217;applicabilit\u00e9 du tagging aux diff\u00e9rentes formes de r\u00e9daction du rapport qui seront sugg\u00e9r\u00e9es par les membres,<\/li>\n<li>de familiariser les participants avec la taxonomie ESRS,<\/li>\n<li style=\"font-style: inherit; font-weight: inherit;\">et d\u2019organiser une r\u00e9ponse \u00e0 la consultation sur cette taxonomie.<\/li>\n<\/ul>\n<p>Premiers travaux en 2024 :<\/p>\n<p>-r\u00e9ponse aux consultations de l\u2019EFRAG sur les taxonomies ESRS et Art. 8,<\/p>\n<p>-Travaux relatifs \u00e0 l\u2019URD d\u2019une entreprise ayant anticip\u00e9e le rapport de durabilit\u00e9, afin de rendre compte des difficult\u00e9s rencontr\u00e9es lors du tagging.<\/p>\n<\/td>\n<\/tr>\n<\/tbody>\n<\/table>\n<p>\u00a0<\/p>\n<table width=\"100%\">\n<tbody>\n<tr>\n<td>\n<p style=\"font-style: inherit; font-weight: inherit;\">Le groupe est ouvert y compris \u00e0 des personnes qui ne sont pas encore famili\u00e8res avec la technologie XBRL.<\/p>\n<p>Ce groupe de travail se r\u00e9unit tous les mois et est anim\u00e9 par :<\/p>\n<ul>\n<li>Marc Houllier (Corporatings) : <a href=\"mailto:mhoullier@corporatings.com\">mhoullier@corporatings.com<\/a><\/li>\n<li>Romane Maguet (BM&amp;A)\u00a0: <a href=\"mailto:r.maguet@bma-groupe.com\">r.maguet@bma-groupe.com<\/a><\/li>\n<\/ul>\n<\/td>\n<\/tr>\n<\/tbody>\n<\/table>\n<p>\u00a0<\/p>\n<p><strong>SUPPORTS ET COMPTES-RENDUS DE REUNIONS 2024<\/strong><\/p>\n<ul>\n<li>R\u00e9union 2024-01 &#8211; 20\/02\/2024 \u2013 En ligne \u2013 <a href=\"https:\/\/www.xbrlfrance.org\/wp-content\/uploads\/2024\/07\/20240220_GT-ESG-Durabilite_XBRL-FR.pdf\">SUPPORT<\/a>\u00a0(avec CR)\u00a0<\/li>\n<li>R\u00e9union 2024-02 &#8211; 19\/03\/2024 \u2013 En ligne \u2013 <a href=\"https:\/\/www.xbrlfrance.org\/wp-content\/uploads\/2024\/07\/20240319_GT-ESG-Durabilite_XBRL-FR.pdf\">SUPPORT<\/a>\u00a0(avec CR)<\/li>\n<li>R\u00e9union 2024-03 &#8211; 16\/04\/2024 \u2013 En ligne \u2013 <a href=\"https:\/\/www.xbrlfrance.org\/wp-content\/uploads\/2024\/07\/20240416_GT-ESG-Durabilite_.pdf\">SUPPORT<\/a>\u00a0(avec CR)<\/li>\n<li>Conf\u00e9rence\u00a0 ESEF-ESG lors des XBRL Europe Days \u00e0 Malte &#8211; 23\/05\/2024 &#8211; <a href=\"https:\/\/www.xbrleurope.org\/?p=6692\">PRESENTATIONS AND VIDEOS<\/a><\/li>\n<li>R\u00e9union 2024-04 &#8211; 27\/06\/2024 de 14h \u00e0 15h30 \u2013 Pr\u00e9sentiel<\/li>\n<li>\u00a0<\/li>\n<\/ul>\n","protected":false},"excerpt":{"rendered":"<p>Initi\u00e9 en octobre 2023, le groupe de travail ESRS a \u00e9t\u00e9 form\u00e9 pour rassembler toutes les parties prenantes (\u00e9metteurs, auditeurs, utilisateurs et \u00e9diteurs) autour des sujets d&#8217;impl\u00e9mentation en XBRL de rapports utilisant la taxonomie XBRL ESRS, qui contient la repr\u00e9sentation num\u00e9rique des normes ESRS et de l&#8217;Article 8 de la R\u00e9glementation Taxonomie. Les premiers objectifs [&hellip;]<\/p>\n","protected":false},"author":1,"featured_media":0,"parent":27,"menu_order":0,"comment_status":"closed","ping_status":"closed","template":"","meta":{"footnotes":""},"tags":[],"class_list":["post-2821","page","type-page","status-publish","hentry"],"_links":{"self":[{"href":"https:\/\/www.xbrlfrance.org\/index.php?rest_route=\/wp\/v2\/pages\/2821","targetHints":{"allow":["GET"]}}],"collection":[{"href":"https:\/\/www.xbrlfrance.org\/index.php?rest_route=\/wp\/v2\/pages"}],"about":[{"href":"https:\/\/www.xbrlfrance.org\/index.php?rest_route=\/wp\/v2\/types\/page"}],"author":[{"embeddable":true,"href":"https:\/\/www.xbrlfrance.org\/index.php?rest_route=\/wp\/v2\/users\/1"}],"replies":[{"embeddable":true,"href":"https:\/\/www.xbrlfrance.org\/index.php?rest_route=%2Fwp%2Fv2%2Fcomments&post=2821"}],"version-history":[{"count":7,"href":"https:\/\/www.xbrlfrance.org\/index.php?rest_route=\/wp\/v2\/pages\/2821\/revisions"}],"predecessor-version":[{"id":3244,"href":"https:\/\/www.xbrlfrance.org\/index.php?rest_route=\/wp\/v2\/pages\/2821\/revisions\/3244"}],"up":[{"embeddable":true,"href":"https:\/\/www.xbrlfrance.org\/index.php?rest_route=\/wp\/v2\/pages\/27"}],"wp:attachment":[{"href":"https:\/\/www.xbrlfrance.org\/index.php?rest_route=%2Fwp%2Fv2%2Fmedia&parent=2821"}],"wp:term":[{"taxonomy":"post_tag","embeddable":true,"href":"https:\/\/www.xbrlfrance.org\/index.php?rest_route=%2Fwp%2Fv2%2Ftags&post=2821"}],"curies":[{"name":"wp","href":"https:\/\/api.w.org\/{rel}","templated":true}]}}