{"id":421,"date":"2018-07-16T19:45:33","date_gmt":"2018-07-16T17:45:33","guid":{"rendered":"http:\/\/web.xbrlfrance.org\/?page_id=421"},"modified":"2026-02-07T12:52:12","modified_gmt":"2026-02-07T11:52:12","slug":"participer-a-lassociation","status":"publish","type":"page","link":"https:\/\/www.xbrlfrance.org\/?page_id=421","title":{"rendered":"Participer \u00e0 l&#8217;association"},"content":{"rendered":"<p>XBRL France propose<\/p>\n<ul>\n<li>Des <a href=\"http:\/\/www.xbrlfrance.org\/?page_id=27\" rel=\"noopener\">groupes de travail<\/a><\/li>\n<li>Des \u00e9v\u00e9nements et conf\u00e9rences<\/li>\n<li>Des <a href=\"http:\/\/www.xbrlfrance.org\/?page_id=100\" rel=\"noopener\">formations<\/a><\/li>\n<li>Des <a href=\"https:\/\/www.xbrlfrance.org\/?page_id=3751\">publications<\/a><\/li>\n<li>Un focus : <a href=\"https:\/\/www.xbrlfrance.org\/?page_id=1402\">XBRL pour IFD\/IFR<\/a> (entreprises d&#8217;investissements)<\/li>\n<li>Un focus : <a href=\"https:\/\/www.xbrlfrance.org\/?page_id=1312\">actualit\u00e9s des adh\u00e9rents<\/a><\/li>\n<li>(Anciennement) Une <a href=\"http:\/\/www.xbrlfrance.org\/?page_id=148\" target=\"_blank\" rel=\"noopener\">newsletter<\/a><\/li>\n<\/ul>\n\n","protected":false},"excerpt":{"rendered":"<p>XBRL France propose Des groupes de travail Des \u00e9v\u00e9nements et conf\u00e9rences Des formations Des publications Un focus : XBRL pour IFD\/IFR (entreprises d&#8217;investissements) Un focus : actualit\u00e9s des adh\u00e9rents (Anciennement) Une newsletter<\/p>\n","protected":false},"author":1,"featured_media":0,"parent":0,"menu_order":40,"comment_status":"closed","ping_status":"closed","template":"","meta":{"footnotes":""},"tags":[],"class_list":["post-421","page","type-page","status-publish","hentry"],"_links":{"self":[{"href":"https:\/\/www.xbrlfrance.org\/index.php?rest_route=\/wp\/v2\/pages\/421","targetHints":{"allow":["GET"]}}],"collection":[{"href":"https:\/\/www.xbrlfrance.org\/index.php?rest_route=\/wp\/v2\/pages"}],"about":[{"href":"https:\/\/www.xbrlfrance.org\/index.php?rest_route=\/wp\/v2\/types\/page"}],"author":[{"embeddable":true,"href":"https:\/\/www.xbrlfrance.org\/index.php?rest_route=\/wp\/v2\/users\/1"}],"replies":[{"embeddable":true,"href":"https:\/\/www.xbrlfrance.org\/index.php?rest_route=%2Fwp%2Fv2%2Fcomments&post=421"}],"version-history":[{"count":7,"href":"https:\/\/www.xbrlfrance.org\/index.php?rest_route=\/wp\/v2\/pages\/421\/revisions"}],"predecessor-version":[{"id":3767,"href":"https:\/\/www.xbrlfrance.org\/index.php?rest_route=\/wp\/v2\/pages\/421\/revisions\/3767"}],"wp:attachment":[{"href":"https:\/\/www.xbrlfrance.org\/index.php?rest_route=%2Fwp%2Fv2%2Fmedia&parent=421"}],"wp:term":[{"taxonomy":"post_tag","embeddable":true,"href":"https:\/\/www.xbrlfrance.org\/index.php?rest_route=%2Fwp%2Fv2%2Ftags&post=421"}],"curies":[{"name":"wp","href":"https:\/\/api.w.org\/{rel}","templated":true}]}}