{"id":577,"date":"2018-10-08T09:27:47","date_gmt":"2018-10-08T07:27:47","guid":{"rendered":"http:\/\/web.xbrlfrance.org\/?page_id=577"},"modified":"2025-11-20T15:47:05","modified_gmt":"2025-11-20T14:47:05","slug":"gt-assurance-espace-membres","status":"publish","type":"page","link":"https:\/\/www.xbrlfrance.org\/?page_id=577","title":{"rendered":"GT Assurance &#8211; Espace Membres"},"content":{"rendered":"<p><span style=\"display: inline !important; float: none; background-color: transparent; color: #333333; cursor: text; font-family: Georgia,'Times New Roman','Bitstream Charter',Times,serif; font-size: 16px; font-style: normal; font-variant: normal; font-weight: 400; letter-spacing: normal; orphans: 2; text-align: left; text-decoration: none; text-indent: 0px; text-transform: none; -webkit-text-stroke-width: 0px; white-space: normal; word-spacing: 0px;\">(cet espace n&#8217;est accessible qu&#8217;aux membres enregistr\u00e9s)<br \/>\n<\/span><\/p>\n<p><strong>Compte-rendu des r\u00e9unions du groupe de travail :<\/strong><\/p>\n<ul>\n<li>20 novembre 2025 &#8211; <a href=\"https:\/\/www.xbrlfrance.org\/wp-content\/uploads\/2025\/11\/20251120_presentation_GT_ASSURANCE_v1.0.pdf\">diaporama GT<\/a><\/li>\n<li>26 juin 2025 &#8211; <a href=\"https:\/\/www.xbrlfrance.org\/wp-content\/uploads\/2025\/06\/20250626_presentation_GT_ASSURANCE_v1.0.pdf\">diaporama GT<\/a><\/li>\n<li>3 avril 2025 &#8211; <a href=\"https:\/\/www.xbrlfrance.org\/wp-content\/uploads\/2025\/04\/20250403_presentation_GT_ASSURANCE_v1.0.pdf\">diaporama GT<\/a><\/li>\n<li>10 d\u00e9cembre 2024 &#8211; <a href=\"https:\/\/www.xbrlfrance.org\/wp-content\/uploads\/2024\/12\/20241210_presentation_GT_ASSURANCE.pdf\">diaporama GT<\/a><\/li>\n<li>12 octobre 2022 &#8211; <a href=\"https:\/\/www.xbrlfrance.org\/wp-content\/uploads\/2022\/10\/XBF_GT_SII_2022-10-12_R0.1.pdf\">diaporama GT<\/a><\/li>\n<li>27 octobre 2021 &#8211; diaporama GT<\/li>\n<li>12 novembre 2020 : <a href=\"https:\/\/www.xbrlfrance.org\/wp-content\/uploads\/2020\/11\/XBF_GT_SII_2020-11-12_R1.00.pdf\">diaporama GT<\/a><\/li>\n<li>14 f\u00e9vrier 2019 : <a href=\"http:\/\/web.xbrlfrance.org\/wp-content\/uploads\/2019\/03\/Cpte-rendu-GT-Assurance-XBRL-France-du-14022019_V1.1.pdf\">CR R\u00e9union<\/a> &#8211; <a href=\"http:\/\/web.xbrlfrance.org\/wp-content\/uploads\/2019\/03\/XBF_GT_SII_2019-02-12_R0.20.pdf\">diaporama GT<\/a><\/li>\n<li>13 septembre 2018 : <a href=\"http:\/\/web.xbrlfrance.org\/wp-content\/uploads\/2018\/10\/Cpte-rendu-GT-Assurance-XBRL-France-du-13092018_V1.1.pdf\">CR R\u00e9union<\/a> &#8211; <a href=\"http:\/\/web.xbrlfrance.org\/wp-content\/uploads\/2018\/10\/XBF_GT_SII_2018-09-13_R0.20.pdf\">diaporama GT<\/a><\/li>\n<li>8 juin 2018 : <a href=\"http:\/\/web.xbrlfrance.org\/wp-content\/uploads\/2018\/10\/Cpte-rendu-GT-Assurance-XBRL-France-du-08062018_V1.01.pdf\">CR R\u00e9union<\/a> &#8211; <a href=\"http:\/\/web.xbrlfrance.org\/wp-content\/uploads\/2018\/10\/XBF_GT_Assurances_2018-06-08_R0.24.pdf\">diaporama GT<\/a><\/li>\n<li>14 novembre 2017 : <a href=\"http:\/\/web.xbrlfrance.org\/wp-content\/uploads\/2018\/10\/Cpte-rendu-GT-Assurance-XBRL-France-du-14112017_V1.pdf\">CR R\u00e9union<\/a> &#8211; <a href=\"http:\/\/web.xbrlfrance.org\/wp-content\/uploads\/2018\/10\/XBF_GT_SII_2017-11-14_R1.00.pdf\">diaporama GT<\/a><\/li>\n<li>19 septembre 2017 : <a href=\"http:\/\/web.xbrlfrance.org\/wp-content\/uploads\/2018\/10\/Cpte-rendu-GT-Assurance-XBRL-France-du-19092017_V1_EJ-2.pdf\">CR R\u00e9union<\/a> &#8211; <a href=\"http:\/\/web.xbrlfrance.org\/wp-content\/uploads\/2018\/10\/XBF_GT_SII_2017-09-19_R1.00.pdf\">diaporama GT<\/a><\/li>\n<li>20 juin 2017 : <a href=\"http:\/\/web.xbrlfrance.org\/wp-content\/uploads\/2013\/03\/Cpte-rendu_GT_Assurance_XBRL_France_du_20062017_V1_1_mr2.pdf\">CR R\u00e9union<\/a> &#8211; <a href=\"http:\/\/web.xbrlfrance.org\/wp-content\/uploads\/2013\/03\/XBF_GT_SII_2017-06-20_R1_00.pdf\">diaporama GT<\/a><\/li>\n<li>30 mars 2017 : <a href=\"http:\/\/web.xbrlfrance.org\/wp-content\/uploads\/2013\/03\/Cpte-rendu_GT_SII_XBRL_France_du_30032017_V1.pdf\">CR R\u00e9union<\/a> &#8211; <a href=\"http:\/\/web.xbrlfrance.org\/wp-content\/uploads\/2013\/03\/XBF_GT_SII_2017-03-30_R1_01.pdf\">diaporama GT<\/a><\/li>\n<li>24 janvier 2017 : <a href=\"http:\/\/web.xbrlfrance.org\/wp-content\/uploads\/2013\/03\/Cpte-rendu_GT_SII_XBRL_France_du_24012017_V1.pdf\">CR R\u00e9union<\/a> &#8211; <a href=\"http:\/\/web.xbrlfrance.org\/wp-content\/uploads\/2013\/03\/XBF_GT_SII_2017-01-23_R1_0.pdf\">diaporama GT<\/a><\/li>\n<li>16 novembre 2016 : <a href=\"http:\/\/web.xbrlfrance.org\/wp-content\/uploads\/2013\/03\/Cpte-rendu_GT_SII_XBRL_France_du_16112016_V1.pdf\">CR R\u00e9union<\/a> &#8211; <a href=\"http:\/\/web.xbrlfrance.org\/wp-content\/uploads\/2013\/03\/XBF_GT_SII_2016-11-16_R1_00.pdf\">diaporama GT<\/a><\/li>\n<li>\u00a06 septembre 2016 : <a href=\"http:\/\/web.xbrlfrance.org\/wp-content\/uploads\/2013\/03\/Cpte-rendu_GT_SII_XBRL_France_du_06092016_V1.pdf\">CR R\u00e9union<\/a> &#8211; <a href=\"http:\/\/web.xbrlfrance.org\/wp-content\/uploads\/2013\/03\/XBF_GT_SII_2016-09-06_R1_00.pdf\">diaporama GT<\/a><\/li>\n<li>30 mai 2016 : <a href=\"http:\/\/web.xbrlfrance.org\/wp-content\/uploads\/2013\/03\/Cpte-rendu_GT_SII_XBRL_France_du_30052016_V1.pdf\">CR\u00a0\u00a0R\u00e9union<\/a>&#8211; <a href=\"http:\/\/web.xbrlfrance.org\/wp-content\/uploads\/2013\/03\/2016-05-29_XBRL_France_Prsentation_GT_S2_R1_0.pdf\">diaporama GT<\/a><\/li>\n<li>22 mars 2016 : <a href=\"http:\/\/web.xbrlfrance.org\/wp-content\/uploads\/2013\/03\/Cpte-rendu_GT_SII_XBRL_France_du_22032016_V1_00.pdf\">CR r\u00e9union<\/a> &#8211; <a href=\"http:\/\/web.xbrlfrance.org\/wp-content\/uploads\/2013\/03\/XBF_GT_SII_2016-03-22_R1_01.pdf\">diaporama GT<\/a><\/li>\n<li>12 janvier 2016 : <a href=\"http:\/\/web.xbrlfrance.org\/wp-content\/uploads\/2013\/03\/Cpte-rendu_GT_SII_XBRL_France_du_12012016_V1.pdf\" target=\"_blank\" rel=\"noopener noreferrer\">CR r\u00e9union <\/a>&#8211; <a href=\"http:\/\/web.xbrlfrance.org\/wp-content\/uploads\/2013\/03\/XBF_GT_SII_2016-01-12_R1.pdf\" target=\"_blank\" rel=\"noopener noreferrer\">diaporama GT<\/a><\/li>\n<\/ul>\n<p><strong>ARCHIVES<\/strong><\/p>\n<ul style=\"list-style-type: disc;\">\n<li><a href=\"http:\/\/web.xbrlfrance.org\/wp-content\/uploads\/2013\/03\/Cpte-rendu_GT_SII_XBRL_France_du_07102015_V1.pdf\" target=\"_blank\" rel=\"noopener noreferrer\">7 octobre 2015 :\u00a0\u00a0 CR r\u00e9union<\/a><\/li>\n<li><a href=\"http:\/\/web.xbrlfrance.org\/wp-content\/uploads\/2013\/03\/Cpte-rendu_GT_SII_XBRL_France_du_02092015_V1.pdf\" target=\"_blank\" rel=\"noopener noreferrer\">02 septembre 2015 &#8211; CR r\u00e9union<\/a><\/li>\n<li>30 juin 2015 : <a href=\"http:\/\/web.xbrlfrance.org\/wp-content\/uploads\/2013\/03\/Cpte-rendu_GT_SII_XBRL_France_du_30062015_V0_1.pdf\" target=\"_blank\" rel=\"noopener noreferrer\">CR r\u00e9union <\/a>&#8211; <a href=\"http:\/\/web.xbrlfrance.org\/wp-content\/uploads\/2013\/03\/SII_V1_7_Entry_Points.pdf\" target=\"_blank\" rel=\"noopener noreferrer\">v1.7 entry points<\/a><\/li>\n<li>05 mai 2015 : <a href=\"http:\/\/web.xbrlfrance.org\/wp-content\/uploads\/2013\/03\/Cpte-rendu_GT_SII_XBRL_France_du_05052015_V1.pdf\" target=\"_blank\" rel=\"noopener noreferrer\">CR r\u00e9union <\/a>&#8211; <a href=\"http:\/\/web.xbrlfrance.org\/wp-content\/uploads\/2013\/03\/XBF_GT_SII_2015-05-047_R1_0.pdf\" target=\"_blank\" rel=\"noopener noreferrer\">diaporama GT<\/a><\/li>\n<li>17 mars 2015 : <a href=\"http:\/\/web.xbrlfrance.org\/wp-content\/uploads\/2013\/03\/Cpte-rendu_GT_SII_XBRL_France_du_17032015_V1.pdf\" target=\"_blank\" rel=\"noopener noreferrer\">CR r\u00e9union <\/a>&#8211; <a href=\"http:\/\/web.xbrlfrance.org\/wp-content\/uploads\/2013\/03\/XBF_GT_SII_2015-03-17_R1_001.pdf\" target=\"_blank\" rel=\"noopener noreferrer\">diaporama GT<\/a><\/li>\n<li>27 janvier 2015 : <a href=\"http:\/\/web.xbrlfrance.org\/wp-content\/uploads\/2013\/03\/Cpte-rendu_GT_SII_XBRL_France_du_27012015_V1_01.pdf\" target=\"_blank\" rel=\"noopener noreferrer\">CR r\u00e9union <\/a>&#8211; <a href=\"http:\/\/web.xbrlfrance.org\/wp-content\/uploads\/2013\/03\/XBF_GT_SII_2016-01-12_R1.pdf\" target=\"_blank\" rel=\"noopener noreferrer\">diaporama GT<\/a><\/li>\n<li>15 d\u00e9cembre 2014 : <a href=\"http:\/\/web.xbrlfrance.org\/wp-content\/uploads\/2013\/03\/Cpte-rendu_GT_SII_XBRL_France_du_15122014_V2.pdf\" target=\"_blank\" rel=\"noopener noreferrer\">CR r\u00e9union <\/a>&#8211; <a href=\"http:\/\/web.xbrlfrance.org\/wp-content\/uploads\/2013\/03\/XBF_GT_SII_2014-09-09_R1_0.pdf\" target=\"_blank\" rel=\"noopener noreferrer\">diaporama GT<\/a><\/li>\n<li>9 septembre 2014 : <a href=\"http:\/\/web.xbrlfrance.org\/wp-content\/uploads\/2013\/03\/Cpte-rendu_GT_SII_XBRL_France_du_09092014_V1.pdf\" target=\"_blank\" rel=\"noopener noreferrer\">CR r\u00e9union <\/a>&#8211; <a href=\"http:\/\/web.xbrlfrance.org\/wp-content\/uploads\/2013\/03\/XBRL_France-SII_2014-09-09_R1_01.pdf\" target=\"_blank\" rel=\"noopener noreferrer\">diaporama GT <\/a>&#8211; <a href=\"http:\/\/web.xbrlfrance.org\/wp-content\/uploads\/2013\/03\/20140909_Conference_XBRL_France_-_Presentation_matrice_Club_Ampere_-_par_Alban_Jarry_LMG.pdf\" target=\"_blank\" rel=\"noopener noreferrer\">Club Amp\u00e8re<\/a><\/li>\n<li><a href=\"http:\/\/web.xbrlfrance.org\/wp-content\/uploads\/2013\/03\/Cpte-rendu_GT_SII_XBRL_France_du_25062014.pdf\" target=\"_blank\" rel=\"noopener noreferrer\">25 juin 2014 : CR r\u00e9union<\/a><\/li>\n<li><a href=\"http:\/\/web.xbrlfrance.org\/wp-content\/uploads\/2013\/03\/Cpte-rendu_GT_SII_XBRL_France_du_12052014_V1.pdf\" target=\"_blank\" rel=\"noopener noreferrer\">12 mai 2014 : CR r\u00e9union<\/a><\/li>\n<li><a href=\"http:\/\/web.xbrlfrance.org\/wp-content\/uploads\/2013\/03\/Cpte-rendu_GT_SII_XBRL_France_du_17042014.pdf\" target=\"_blank\" rel=\"noopener noreferrer\">17 avril 2014 : CR r\u00e9union<\/a><\/li>\n<li>2 octobre 2012 : <a href=\"http:\/\/web.xbrlfrance.org\/wp-content\/uploads\/2013\/03\/2012_10_02.pdf\" target=\"_blank\" rel=\"noopener noreferrer\">Pr\u00e9sentation Taxonomies EIOPA &#8211; Etat au 2 octobre 2012<\/a><\/li>\n<li>6 septembre 2012 : Pr\u00e9sentation &#8221; <a href=\"http:\/\/web.xbrlfrance.org\/wp-content\/uploads\/2013\/03\/2012_09_06.pdf\" target=\"_blank\" rel=\"noopener noreferrer\">Taxonomies EIOPA &#8211; Etat au 6 septembre 2012<\/a>&#8220;<\/li>\n<li><a href=\"http:\/\/web.xbrlfrance.org\/wp-content\/uploads\/2013\/03\/2012_06_07.pdf\" target=\"_blank\" rel=\"noopener noreferrer\">7 juin 2012<\/a><\/li>\n<li>8 mars 2012 : <a href=\"http:\/\/web.xbrlfrance.org\/wp-content\/uploads\/2013\/03\/2012_03_08.pdf\" target=\"_blank\" rel=\"noopener noreferrer\">D\u00e9couverte de la taxonomie EIOPA &#8211; Des \u00e9tats EIOPA \u00e0 la taxonomie<\/a><\/li>\n<li><a href=\"http:\/\/web.xbrlfrance.org\/wp-content\/uploads\/2013\/03\/2012_02_09.pdf\" target=\"_blank\" rel=\"noopener noreferrer\">9 f\u00e9vrier 2012<\/a><\/li>\n<li><a href=\"http:\/\/web.xbrlfrance.org\/wp-content\/uploads\/2013\/03\/2011_12_15.pdf\" target=\"_blank\" rel=\"noopener noreferrer\">15 d\u00e9cembre 2011<\/a><\/li>\n<li><a href=\"http:\/\/web.xbrlfrance.org\/wp-content\/uploads\/2013\/03\/2011_11-03.pdf\" target=\"_blank\" rel=\"noopener noreferrer\">3 novembre 2011<\/a><\/li>\n<\/ul>\n","protected":false},"excerpt":{"rendered":"<p>(cet espace n&#8217;est accessible qu&#8217;aux membres enregistr\u00e9s) Compte-rendu des r\u00e9unions du groupe de travail : 20 novembre 2025 &#8211; diaporama GT 26 juin 2025 &#8211; diaporama GT 3 avril 2025 &#8211; diaporama GT 10 d\u00e9cembre 2024 &#8211; diaporama GT 12 octobre 2022 &#8211; diaporama GT 27 octobre 2021 &#8211; diaporama GT 12 novembre 2020 : [&hellip;]<\/p>\n","protected":false},"author":1,"featured_media":0,"parent":74,"menu_order":0,"comment_status":"closed","ping_status":"closed","template":"my-templates\/members-only.php","meta":{"footnotes":""},"tags":[],"class_list":["post-577","page","type-page","status-publish","hentry"],"_links":{"self":[{"href":"https:\/\/www.xbrlfrance.org\/index.php?rest_route=\/wp\/v2\/pages\/577","targetHints":{"allow":["GET"]}}],"collection":[{"href":"https:\/\/www.xbrlfrance.org\/index.php?rest_route=\/wp\/v2\/pages"}],"about":[{"href":"https:\/\/www.xbrlfrance.org\/index.php?rest_route=\/wp\/v2\/types\/page"}],"author":[{"embeddable":true,"href":"https:\/\/www.xbrlfrance.org\/index.php?rest_route=\/wp\/v2\/users\/1"}],"replies":[{"embeddable":true,"href":"https:\/\/www.xbrlfrance.org\/index.php?rest_route=%2Fwp%2Fv2%2Fcomments&post=577"}],"version-history":[{"count":20,"href":"https:\/\/www.xbrlfrance.org\/index.php?rest_route=\/wp\/v2\/pages\/577\/revisions"}],"predecessor-version":[{"id":3612,"href":"https:\/\/www.xbrlfrance.org\/index.php?rest_route=\/wp\/v2\/pages\/577\/revisions\/3612"}],"up":[{"embeddable":true,"href":"https:\/\/www.xbrlfrance.org\/index.php?rest_route=\/wp\/v2\/pages\/74"}],"wp:attachment":[{"href":"https:\/\/www.xbrlfrance.org\/index.php?rest_route=%2Fwp%2Fv2%2Fmedia&parent=577"}],"wp:term":[{"taxonomy":"post_tag","embeddable":true,"href":"https:\/\/www.xbrlfrance.org\/index.php?rest_route=%2Fwp%2Fv2%2Ftags&post=577"}],"curies":[{"name":"wp","href":"https:\/\/api.w.org\/{rel}","templated":true}]}}