{"id":74,"date":"2013-03-19T17:39:12","date_gmt":"2013-03-19T16:39:12","guid":{"rendered":"http:\/\/web.xbrlfrance.org\/?p=74"},"modified":"2025-11-26T11:28:55","modified_gmt":"2025-11-26T10:28:55","slug":"groupe-assurance-solvabilite-ii","status":"publish","type":"page","link":"https:\/\/www.xbrlfrance.org\/?page_id=74","title":{"rendered":"Groupe de Travail Assurance"},"content":{"rendered":"<p><strong>Prochaines r\u00e9unions\u00a0 : <\/strong><\/p>\n<ul>\n<li>Premier trimestre 2026<\/li>\n<\/ul>\n<hr \/>\n<p><strong>Origine et constitution<\/strong><\/p>\n<p>Groupe lanc\u00e9 le 17 avril 2014.<\/p>\n<p>Co-Animateurs :<br \/>&#8211; Vincent le Moal-Joubel, ACPR \/ Banque de France<\/p>\n<p>&#8211; Lucie Hussonnois, ACPR \/ Banque de France<\/p>\n<p><strong>Organisation<\/strong><\/p>\n<p>Une session de travail environ tous les mois et demi.<\/p>\n<p><strong>Objectif des r\u00e9unions<\/strong><\/p>\n<p>\u00catre un lieu d\u2019\u00e9change et de contacts entre acteurs du reporting XBRL du secteur de l\u2019assurance et de la protection sociale (reporting social, Solvabilit\u00e9 2, IFRS, LCB-FT, \u2026) en termes de fond et de forme.<br \/>Les r\u00e9unions doivent \u00e9galement permettre de traiter ou de faire remonter les probl\u00e8mes li\u00e9s \u00e0 ces types de reporting aupr\u00e8s des autorit\u00e9s concern\u00e9es, en particulier l\u2019ACPR.<\/p>\n<p><strong>Ouvert \u00e0 tous les membres<\/strong><\/p>\n<p>Les membres de XBRL France sont invit\u00e9s \u00e0 s\u2019inscrire au groupe de travail. Ils sont \u00e9galement convi\u00e9s \u00e0 poser par mail les sujets qu\u2019ils voudraient voir traiter aux deux co-animateurs.<\/p>\n<p><strong>Espace de travail<\/strong><\/p>\n<p>Certains documents ne sont accessibles qu&#8217;aux membres enregistr\u00e9s : <a href=\"http:\/\/www.xbrlfrance.org\/?page_id=577\">acc\u00e9der<\/a><br \/>Mot de passe perdu :\u00a0<a href=\"https:\/\/www.xbrlfrance.org\/wp-login.php?action=lostpassword\">acc\u00e9der<\/a><\/p>\n\n","protected":false},"excerpt":{"rendered":"<p>Prochaines r\u00e9unions\u00a0 : Premier trimestre 2026 Origine et constitution Groupe lanc\u00e9 le 17 avril 2014. Co-Animateurs :&#8211; Vincent le Moal-Joubel, ACPR \/ Banque de France &#8211; Lucie Hussonnois, ACPR \/ Banque de France Organisation Une session de travail environ tous les mois et demi. Objectif des r\u00e9unions \u00catre un lieu d\u2019\u00e9change et de contacts entre [&hellip;]<\/p>\n","protected":false},"author":1,"featured_media":0,"parent":27,"menu_order":3,"comment_status":"open","ping_status":"open","template":"","meta":{"footnotes":""},"tags":[],"class_list":["post-74","page","type-page","status-publish","hentry"],"_links":{"self":[{"href":"https:\/\/www.xbrlfrance.org\/index.php?rest_route=\/wp\/v2\/pages\/74","targetHints":{"allow":["GET"]}}],"collection":[{"href":"https:\/\/www.xbrlfrance.org\/index.php?rest_route=\/wp\/v2\/pages"}],"about":[{"href":"https:\/\/www.xbrlfrance.org\/index.php?rest_route=\/wp\/v2\/types\/page"}],"author":[{"embeddable":true,"href":"https:\/\/www.xbrlfrance.org\/index.php?rest_route=\/wp\/v2\/users\/1"}],"replies":[{"embeddable":true,"href":"https:\/\/www.xbrlfrance.org\/index.php?rest_route=%2Fwp%2Fv2%2Fcomments&post=74"}],"version-history":[{"count":26,"href":"https:\/\/www.xbrlfrance.org\/index.php?rest_route=\/wp\/v2\/pages\/74\/revisions"}],"predecessor-version":[{"id":3618,"href":"https:\/\/www.xbrlfrance.org\/index.php?rest_route=\/wp\/v2\/pages\/74\/revisions\/3618"}],"up":[{"embeddable":true,"href":"https:\/\/www.xbrlfrance.org\/index.php?rest_route=\/wp\/v2\/pages\/27"}],"wp:attachment":[{"href":"https:\/\/www.xbrlfrance.org\/index.php?rest_route=%2Fwp%2Fv2%2Fmedia&parent=74"}],"wp:term":[{"taxonomy":"post_tag","embeddable":true,"href":"https:\/\/www.xbrlfrance.org\/index.php?rest_route=%2Fwp%2Fv2%2Ftags&post=74"}],"curies":[{"name":"wp","href":"https:\/\/api.w.org\/{rel}","templated":true}]}}