{"id":75,"date":"2013-03-25T16:44:17","date_gmt":"2013-03-25T15:44:17","guid":{"rendered":"http:\/\/web.xbrlfrance.org\/?p=75"},"modified":"2023-11-08T18:22:06","modified_gmt":"2023-11-08T17:22:06","slug":"evenements","status":"publish","type":"page","link":"https:\/\/www.xbrlfrance.org\/?page_id=75","title":{"rendered":"\u00c9v\u00e8nements"},"content":{"rendered":"<div class=\"col620 mr20 fl page-column\">\n<p align=\"justify\">XBRL France organise des rencontres entre institutionnels et professionnels autour de projets XBRL \u00e0 travers des \u00e9v\u00e9nements.<\/p>\n<p align=\"justify\">XBRL France organise r\u00e9guli\u00e8rement des petits d\u00e9jeuners tout au long de l&#8217;ann\u00e9e sur divers sujets autour du reporting ainsi qu&#8217;une conf\u00e9rence annuelle.<\/p>\n<p align=\"justify\">XBRL Europe et les juridictions membres organisent r\u00e9guli\u00e8rement des rencontres<\/p>\n<p align=\"justify\">XBRL International tient annuellement une conf\u00e9rence<\/p>\n<p align=\"justify\">Visitez cette page r\u00e9guli\u00e8rement afin de conna\u00eetre les <a href=\"http:\/\/web.xbrlfrance.org\/?page_id=77\">\u00e9v\u00e8nements \u00e0 venir<\/a> et lire les pr\u00e9sentations des <a href=\"http:\/\/web.xbrlfrance.org\/?page_id=78\">\u00e9v\u00e8nements pass\u00e9s<\/a><\/p>\n<\/div>\n","protected":false},"excerpt":{"rendered":"<p>XBRL France organise des rencontres entre institutionnels et professionnels autour de projets XBRL \u00e0 travers des \u00e9v\u00e9nements. XBRL France organise r\u00e9guli\u00e8rement des petits d\u00e9jeuners tout au long de l&#8217;ann\u00e9e sur divers sujets autour du reporting ainsi qu&#8217;une conf\u00e9rence annuelle. XBRL Europe et les juridictions membres organisent r\u00e9guli\u00e8rement des rencontres XBRL International tient annuellement une conf\u00e9rence [&hellip;]<\/p>\n","protected":false},"author":1,"featured_media":0,"parent":2,"menu_order":20,"comment_status":"open","ping_status":"open","template":"","meta":{"footnotes":""},"tags":[],"class_list":["post-75","page","type-page","status-publish","hentry"],"_links":{"self":[{"href":"https:\/\/www.xbrlfrance.org\/index.php?rest_route=\/wp\/v2\/pages\/75","targetHints":{"allow":["GET"]}}],"collection":[{"href":"https:\/\/www.xbrlfrance.org\/index.php?rest_route=\/wp\/v2\/pages"}],"about":[{"href":"https:\/\/www.xbrlfrance.org\/index.php?rest_route=\/wp\/v2\/types\/page"}],"author":[{"embeddable":true,"href":"https:\/\/www.xbrlfrance.org\/index.php?rest_route=\/wp\/v2\/users\/1"}],"replies":[{"embeddable":true,"href":"https:\/\/www.xbrlfrance.org\/index.php?rest_route=%2Fwp%2Fv2%2Fcomments&post=75"}],"version-history":[{"count":10,"href":"https:\/\/www.xbrlfrance.org\/index.php?rest_route=\/wp\/v2\/pages\/75\/revisions"}],"predecessor-version":[{"id":2300,"href":"https:\/\/www.xbrlfrance.org\/index.php?rest_route=\/wp\/v2\/pages\/75\/revisions\/2300"}],"up":[{"embeddable":true,"href":"https:\/\/www.xbrlfrance.org\/index.php?rest_route=\/wp\/v2\/pages\/2"}],"wp:attachment":[{"href":"https:\/\/www.xbrlfrance.org\/index.php?rest_route=%2Fwp%2Fv2%2Fmedia&parent=75"}],"wp:term":[{"taxonomy":"post_tag","embeddable":true,"href":"https:\/\/www.xbrlfrance.org\/index.php?rest_route=%2Fwp%2Fv2%2Ftags&post=75"}],"curies":[{"name":"wp","href":"https:\/\/api.w.org\/{rel}","templated":true}]}}