{"id":942,"date":"2019-10-26T18:45:25","date_gmt":"2019-10-26T16:45:25","guid":{"rendered":"http:\/\/web.xbrlfrance.org\/?page_id=942"},"modified":"2019-10-27T18:59:18","modified_gmt":"2019-10-27T17:59:18","slug":"pierre-hamon","status":"publish","type":"page","link":"https:\/\/www.xbrlfrance.org\/?page_id=942","title":{"rendered":"Pierre Hamon"},"content":{"rendered":"<p style=\"text-align: center;\"><img loading=\"lazy\" decoding=\"async\" class=\"alignnone wp-image-943\" src=\"http:\/\/web.xbrlfrance.org\/wp-content\/uploads\/2019\/10\/Hamon_Pierre_formation.jpg\" alt=\"\" width=\"83\" height=\"117\" srcset=\"https:\/\/www.xbrlfrance.org\/wp-content\/uploads\/2019\/10\/Hamon_Pierre_formation.jpg 247w, https:\/\/www.xbrlfrance.org\/wp-content\/uploads\/2019\/10\/Hamon_Pierre_formation-212x300.jpg 212w\" sizes=\"auto, (max-width: 83px) 100vw, 83px\" \/><\/p>\n<p><strong>Pierre Hamon<\/strong>, consultant expert \u2013 etXetera, membre du CA de XBRL France<\/p>\n<p>Pierre Hamon est Expert-comptable dipl\u00f4m\u00e9, g\u00e9rant unique de etXetera eurl et membre du conseil d\u2019administration de XBRL France. Sp\u00e9cialiste de la technologie XBRL depuis dix ans. Son exp\u00e9rience couvre les divers aspects de la mise en \u0153uvre des reporting xbrl.<\/p>\n<ul>\n<li>auteur de taxonomies\u00a0: Comptes annuels selon le Plan comptable fran\u00e7ais, R\u00e9mun\u00e9ration des dirigeants, Extensions de la taxonomie IFRS pour le d\u00e9p\u00f4t des comptes consolid\u00e9s en France et pour un r\u00e9gulateur bancaire \u00e9tranger,<\/li>\n<li>utilisateur de plusieurs outils sp\u00e9cialis\u00e9s dans la production de taxonomies et de rapports xbrl, notamment pour le d\u00e9p\u00f4t de 20-F en US GAAP et en IFRS \u00e0 la SEC,<\/li>\n<li>contributeur aux groupes de travail pour XBRL Europe (Best practice group) et pour XBRL International (taxonomy recognition, IGTF, ESDTF).<\/li>\n<\/ul>\n<p>Pierre Hamon a exerc\u00e9 une carri\u00e8re d\u2019auditeur dans la firme Ernst &amp; Young et une carri\u00e8re de directeur chez Cartesis, \u00e9diteur de solutions de Business Management.<\/p>\n<p>&nbsp;<\/p>\n<p>&nbsp;<\/p>\n","protected":false},"excerpt":{"rendered":"<p>Pierre Hamon, consultant expert \u2013 etXetera, membre du CA de XBRL France Pierre Hamon est Expert-comptable dipl\u00f4m\u00e9, g\u00e9rant unique de etXetera eurl et membre du conseil d\u2019administration de XBRL France. Sp\u00e9cialiste de la technologie XBRL depuis dix ans. Son exp\u00e9rience couvre les divers aspects de la mise en \u0153uvre des reporting xbrl. auteur de taxonomies\u00a0: [&hellip;]<\/p>\n","protected":false},"author":1,"featured_media":0,"parent":940,"menu_order":0,"comment_status":"closed","ping_status":"closed","template":"","meta":{"footnotes":""},"tags":[],"class_list":["post-942","page","type-page","status-publish","hentry"],"_links":{"self":[{"href":"https:\/\/www.xbrlfrance.org\/index.php?rest_route=\/wp\/v2\/pages\/942","targetHints":{"allow":["GET"]}}],"collection":[{"href":"https:\/\/www.xbrlfrance.org\/index.php?rest_route=\/wp\/v2\/pages"}],"about":[{"href":"https:\/\/www.xbrlfrance.org\/index.php?rest_route=\/wp\/v2\/types\/page"}],"author":[{"embeddable":true,"href":"https:\/\/www.xbrlfrance.org\/index.php?rest_route=\/wp\/v2\/users\/1"}],"replies":[{"embeddable":true,"href":"https:\/\/www.xbrlfrance.org\/index.php?rest_route=%2Fwp%2Fv2%2Fcomments&post=942"}],"version-history":[{"count":5,"href":"https:\/\/www.xbrlfrance.org\/index.php?rest_route=\/wp\/v2\/pages\/942\/revisions"}],"predecessor-version":[{"id":954,"href":"https:\/\/www.xbrlfrance.org\/index.php?rest_route=\/wp\/v2\/pages\/942\/revisions\/954"}],"up":[{"embeddable":true,"href":"https:\/\/www.xbrlfrance.org\/index.php?rest_route=\/wp\/v2\/pages\/940"}],"wp:attachment":[{"href":"https:\/\/www.xbrlfrance.org\/index.php?rest_route=%2Fwp%2Fv2%2Fmedia&parent=942"}],"wp:term":[{"taxonomy":"post_tag","embeddable":true,"href":"https:\/\/www.xbrlfrance.org\/index.php?rest_route=%2Fwp%2Fv2%2Ftags&post=942"}],"curies":[{"name":"wp","href":"https:\/\/api.w.org\/{rel}","templated":true}]}}